{"id":10609,"date":"2026-03-29T16:32:14","date_gmt":"2026-03-29T13:32:14","guid":{"rendered":"https:\/\/taipoks.ee\/?page_id=10609"},"modified":"2026-03-29T16:44:41","modified_gmt":"2026-03-29T13:44:41","slug":"thankyoulaager","status":"publish","type":"page","link":"https:\/\/taipoks.ee\/en\/thankyoulaager\/","title":{"rendered":"thankyoucamp"},"content":{"rendered":"<section class=\"bde-section-10609-100 bde-section\">\n  \n  \n\t\n\n\n\n<div class=\"section-container\"><div class=\"bde-columns-10609-101 bde-columns\"><div class=\"bde-column-10609-102 bde-column\">\n  \n  \n\t\n\n\n\n<h1 class=\"bde-heading-10609-103 bde-heading\">\nThanks for registering!\n<\/h1><h3 class=\"bde-heading-10609-104 bde-heading\">\nSaadame arve 2 t\u00f6\u00f6p\u00e4eva jooksul, mille palume tasuda t\u00e4htaegselt, et kinnitada koht laagris!\n<\/h3><div class=\"bde-button-10609-105 bde-button\">\n    \n                        \n                        \n    \n    \n    \n    \n            \n                    \n            \n            \n\n    \n    \n    \n    \n    \n    <a class=\"breakdance-link button-atom button-atom--secondary bde-button__button\" href=\"https:\/\/taipoks.ee\/en\/\" target=\"_self\" data-type=\"url\"  >\n\n    \n        <span class=\"button-atom__text\">Back to home page<\/span>\n\n        \n        \n                <\/a>\n\n    \n\n\n<\/div><h4 class=\"bde-heading-10609-106 bde-heading\">\nThanks for registering.\n<\/h4><h5 class=\"bde-heading-10609-107 bde-heading\">\nWe will send an invoice within 2 business days, which we ask you to pay on time to confirm your place at the camp!\n<\/h5>\n<\/div><\/div><\/div>\n<\/section>","protected":false},"excerpt":{"rendered":"<p>T\u00e4nud registreerimast! Saadame arve 2 t\u00f6\u00f6p\u00e4eva jooksul, mille palume tasuda t\u00e4htaegselt, et kinnitada koht laagris! Tagasi avalehele Thanks for registering We will send an invoice within 2 business days, which we ask you to pay on time to confirm your place at the camp!<\/p>","protected":false},"author":1,"featured_media":0,"parent":0,"menu_order":0,"comment_status":"closed","ping_status":"closed","template":"","meta":{"_acf_changed":false,"_breakdance_hide_in_design_set":false,"_breakdance_tags":"","footnotes":""},"class_list":["post-10609","page","type-page","status-publish","hentry"],"acf":[],"_links":{"self":[{"href":"https:\/\/taipoks.ee\/en\/wp-json\/wp\/v2\/pages\/10609","targetHints":{"allow":["GET"]}}],"collection":[{"href":"https:\/\/taipoks.ee\/en\/wp-json\/wp\/v2\/pages"}],"about":[{"href":"https:\/\/taipoks.ee\/en\/wp-json\/wp\/v2\/types\/page"}],"author":[{"embeddable":true,"href":"https:\/\/taipoks.ee\/en\/wp-json\/wp\/v2\/users\/1"}],"replies":[{"embeddable":true,"href":"https:\/\/taipoks.ee\/en\/wp-json\/wp\/v2\/comments?post=10609"}],"version-history":[{"count":4,"href":"https:\/\/taipoks.ee\/en\/wp-json\/wp\/v2\/pages\/10609\/revisions"}],"predecessor-version":[{"id":10615,"href":"https:\/\/taipoks.ee\/en\/wp-json\/wp\/v2\/pages\/10609\/revisions\/10615"}],"wp:attachment":[{"href":"https:\/\/taipoks.ee\/en\/wp-json\/wp\/v2\/media?parent=10609"}],"curies":[{"name":"wp","href":"https:\/\/api.w.org\/{rel}","templated":true}]}}