{"id":292,"date":"2023-09-24T11:52:13","date_gmt":"2023-09-24T11:52:13","guid":{"rendered":"https:\/\/taipoks.ee\/?page_id=292"},"modified":"2025-06-28T11:03:03","modified_gmt":"2025-06-28T08:03:03","slug":"taipoks","status":"publish","type":"page","link":"https:\/\/taipoks.ee\/en\/taipoks\/","title":{"rendered":"Thai boxing"},"content":{"rendered":"<section class=\"bde-section-292-100 bde-section\">\n              \n  \n  \n\t\n\n  <div class=\"section-background-overlay\"><\/div>\n\n\n<div class=\"section-container\"><div class=\"bde-columns-292-101 bde-columns\"><div class=\"bde-column-292-102 bde-column\">\n  \n  \n\t\n\n\n\n<h1 class=\"bde-heading-292-103 bde-heading\">\nThai Boxing (Muay Thai)\n<\/h1>\n<\/div><\/div><\/div>\n<\/section><section class=\"bde-section-292-105 bde-section\">\n  \n  \n\t\n\n\n\n<div class=\"section-container\"><div class=\"bde-columns-292-106 bde-columns\"><div class=\"bde-column-292-107 bde-column\">\n  \n  \n\t\n\n\n\n<div class=\"bde-icon-292-108 bde-icon\">\n\n    \n            <div class=\"bde-icon-icon breakdance-icon-atom\" >\n    \n                    <svg xmlns=\"http:\/\/www.w3.org\/2000\/svg\" viewbox=\"0 0 640 512\"><!-- Font Awesome Free 5.15.1 by @fontawesome - https:\/\/fontawesome.com License - https:\/\/fontawesome.com\/license\/free (Icons: CC BY 4.0, Fonts: SIL OFL 1.1, Code: MIT License) --><path d=\"M104 96H56c-13.3 0-24 10.7-24 24v104H8c-4.4 0-8 3.6-8 8v48c0 4.4 3.6 8 8 8h24v104c0 13.3 10.7 24 24 24h48c13.3 0 24-10.7 24-24V120c0-13.3-10.7-24-24-24zm528 128h-24V120c0-13.3-10.7-24-24-24h-48c-13.3 0-24 10.7-24 24v272c0 13.3 10.7 24 24 24h48c13.3 0 24-10.7 24-24V288h24c4.4 0 8-3.6 8-8v-48c0-4.4-3.6-8-8-8zM456 32h-48c-13.3 0-24 10.7-24 24v168H256V56c0-13.3-10.7-24-24-24h-48c-13.3 0-24 10.7-24 24v400c0 13.3 10.7 24 24 24h48c13.3 0 24-10.7 24-24V288h128v168c0 13.3 10.7 24 24 24h48c13.3 0 24-10.7 24-24V56c0-13.3-10.7-24-24-24z\"\/><\/svg>\n        \n        \n        \n            <\/div>\n    \n\n\n<\/div><h4 class=\"bde-heading-292-109 bde-heading\">\ngood physical shape\n<\/h4>\n<\/div><div class=\"bde-column-292-110 bde-column\">\n  \n  \n\t\n\n\n\n<div class=\"bde-icon-292-111 bde-icon\">\n\n    \n            <div class=\"bde-icon-icon breakdance-icon-atom\" >\n    \n                    <svg xmlns=\"http:\/\/www.w3.org\/2000\/svg\" viewbox=\"0 0 416 512\"><!-- Font Awesome Free 5.15.1 by @fontawesome - https:\/\/fontawesome.com License - https:\/\/fontawesome.com\/license\/free (Icons: CC BY 4.0, Fonts: SIL OFL 1.1, Code: MIT License) --><path d=\"M272 96c26.51 0 48-21.49 48-48S298.51 0 272 0s-48 21.49-48 48 21.49 48 48 48zM113.69 317.47l-14.8 34.52H32c-17.67 0-32 14.33-32 32s14.33 32 32 32h77.45c19.25 0 36.58-11.44 44.11-29.09l8.79-20.52-10.67-6.3c-17.32-10.23-30.06-25.37-37.99-42.61zM384 223.99h-44.03l-26.06-53.25c-12.5-25.55-35.45-44.23-61.78-50.94l-71.08-21.14c-28.3-6.8-57.77-.55-80.84 17.14l-39.67 30.41c-14.03 10.75-16.69 30.83-5.92 44.86s30.84 16.66 44.86 5.92l39.69-30.41c7.67-5.89 17.44-8 25.27-6.14l14.7 4.37-37.46 87.39c-12.62 29.48-1.31 64.01 26.3 80.31l84.98 50.17-27.47 87.73c-5.28 16.86 4.11 34.81 20.97 40.09 3.19 1 6.41 1.48 9.58 1.48 13.61 0 26.23-8.77 30.52-22.45l31.64-101.06c5.91-20.77-2.89-43.08-21.64-54.39l-61.24-36.14 31.31-78.28 20.27 41.43c8 16.34 24.92 26.89 43.11 26.89H384c17.67 0 32-14.33 32-32s-14.33-31.99-32-31.99z\"\/><\/svg>\n        \n        \n        \n            <\/div>\n    \n\n\n<\/div><h4 class=\"bde-heading-292-112 bde-heading\">\nintense fat burning\n<\/h4>\n<\/div><div class=\"bde-column-292-113 bde-column\">\n  \n  \n\t\n\n\n\n<div class=\"bde-icon-292-114 bde-icon\">\n\n    \n            <div class=\"bde-icon-icon breakdance-icon-atom\" >\n    \n                    <svg xmlns=\"http:\/\/www.w3.org\/2000\/svg\" viewbox=\"0 0 448 512\"><!-- Font Awesome Free 5.15.1 by @fontawesome - https:\/\/fontawesome.com License - https:\/\/fontawesome.com\/license\/free (Icons: CC BY 4.0, Fonts: SIL OFL 1.1, Code: MIT License) --><path d=\"M325.4 289.2L224 390.6 122.6 289.2C54 295.3 0 352.2 0 422.4V464c0 26.5 21.5 48 48 48h352c26.5 0 48-21.5 48-48v-41.6c0-70.2-54-127.1-122.6-133.2zM32 192c27.3 0 51.8-11.5 69.2-29.7 15.1 53.9 64 93.7 122.8 93.7 70.7 0 128-57.3 128-128S294.7 0 224 0c-50.4 0-93.6 29.4-114.5 71.8C92.1 47.8 64 32 32 32c0 33.4 17.1 62.8 43.1 80-26 17.2-43.1 46.6-43.1 80zm144-96h96c17.7 0 32 14.3 32 32H144c0-17.7 14.3-32 32-32z\"\/><\/svg>\n        \n        \n        \n            <\/div>\n    \n\n\n<\/div><h4 class=\"bde-heading-292-115 bde-heading\">\nincreases self-confidence\n<\/h4>\n<\/div><div class=\"bde-column-292-116 bde-column\">\n  \n  \n\t\n\n\n\n<div class=\"bde-icon-292-117 bde-icon\">\n\n    \n            <div class=\"bde-icon-icon breakdance-icon-atom\" >\n    \n                    <svg xmlns=\"http:\/\/www.w3.org\/2000\/svg\" viewbox=\"0 0 640 512\"><!-- Font Awesome Free 5.15.1 by @fontawesome - https:\/\/fontawesome.com License - https:\/\/fontawesome.com\/license\/free (Icons: CC BY 4.0, Fonts: SIL OFL 1.1, Code: MIT License) --><path d=\"M96 224c35.3 0 64-28.7 64-64s-28.7-64-64-64-64 28.7-64 64 28.7 64 64 64zm448 0c35.3 0 64-28.7 64-64s-28.7-64-64-64-64 28.7-64 64 28.7 64 64 64zm32 32h-64c-17.6 0-33.5 7.1-45.1 18.6 40.3 22.1 68.9 62 75.1 109.4h66c17.7 0 32-14.3 32-32v-32c0-35.3-28.7-64-64-64zm-256 0c61.9 0 112-50.1 112-112S381.9 32 320 32 208 82.1 208 144s50.1 112 112 112zm76.8 32h-8.3c-20.8 10-43.9 16-68.5 16s-47.6-6-68.5-16h-8.3C179.6 288 128 339.6 128 403.2V432c0 26.5 21.5 48 48 48h288c26.5 0 48-21.5 48-48v-28.8c0-63.6-51.6-115.2-115.2-115.2zm-223.7-13.4C161.5 263.1 145.6 256 128 256H64c-35.3 0-64 28.7-64 64v32c0 17.7 14.3 32 32 32h65.9c6.3-47.4 34.9-87.3 75.2-109.4z\"\/><\/svg>\n        \n        \n        \n            <\/div>\n    \n\n\n<\/div><h4 class=\"bde-heading-292-118 bde-heading\">\nsuitable for everyone\n<\/h4>\n<\/div><\/div><\/div>\n<\/section><section class=\"bde-section-292-119 bde-section\">\n  \n  \n\t\n\n\n\n<div class=\"section-container\"><div class=\"bde-columns-292-120 bde-columns\"><div class=\"bde-column-292-121 bde-column\">\n  \n  \n\t\n\n\n\n<div class=\"bde-image-292-122 bde-image\">\n<figure class=\"breakdance-image breakdance-image--6367\">\n\t<div class=\"breakdance-image-container\">\n\t\t<div class=\"breakdance-image-clip\"><img loading=\"lazy\" decoding=\"async\" class=\"breakdance-image-object\" src=\"https:\/\/taipoks.ee\/wp-content\/uploads\/2024\/08\/polv12.jpg\" width=\"1200\" height=\"800\" srcset=\"https:\/\/taipoks.ee\/wp-content\/uploads\/2024\/08\/polv12.jpg 1200w, https:\/\/taipoks.ee\/wp-content\/uploads\/2024\/08\/polv12-300x200.jpg 300w, https:\/\/taipoks.ee\/wp-content\/uploads\/2024\/08\/polv12-1024x683.jpg 1024w, https:\/\/taipoks.ee\/wp-content\/uploads\/2024\/08\/polv12-768x512.jpg 768w, https:\/\/taipoks.ee\/wp-content\/uploads\/2024\/08\/polv12-600x400.jpg 600w\" sizes=\"auto, (max-width: 1200px) 100vw, 1200px\"><\/div>\n\t<\/div><\/figure>\n\n<\/div><div class=\"bde-image-292-214 bde-image\">\n<figure class=\"breakdance-image breakdance-image--6380\">\n\t<div class=\"breakdance-image-container\">\n\t\t<div class=\"breakdance-image-clip\"><img loading=\"lazy\" decoding=\"async\" class=\"breakdance-image-object\" src=\"https:\/\/taipoks.ee\/wp-content\/uploads\/2024\/08\/polvmob2.jpg\" width=\"700\" height=\"714\" srcset=\"https:\/\/taipoks.ee\/wp-content\/uploads\/2024\/08\/polvmob2.jpg 700w, https:\/\/taipoks.ee\/wp-content\/uploads\/2024\/08\/polvmob2-294x300.jpg 294w, https:\/\/taipoks.ee\/wp-content\/uploads\/2024\/08\/polvmob2-600x612.jpg 600w\" sizes=\"auto, (max-width: 700px) 100vw, 700px\"><\/div>\n\t<\/div><\/figure>\n\n<\/div><div class=\"bde-fancy-divider-292-125 bde-fancy-divider\">\n\n\n<div class=\"bde-fancy-divider__wrapper\">\n  <div class=\"bde-fancy-divider__separator has-content has-content-flex-start\">\n  \t    \t    \t    \t\t\t    \t\t<div class=\"bde-fancy-divider__content bde-fancy-divider__content--icon\"><svg xmlns=\"http:\/\/www.w3.org\/2000\/svg\" viewbox=\"0 0 512 512\"><!-- Font Awesome Free 5.15.1 by @fontawesome - https:\/\/fontawesome.com License - https:\/\/fontawesome.com\/license\/free (Icons: CC BY 4.0, Fonts: SIL OFL 1.1, Code: MIT License) --><path d=\"M256 8C119.033 8 8 119.033 8 256s111.033 248 248 248 248-111.033 248-248S392.967 8 256 8zm80 248c0 44.112-35.888 80-80 80s-80-35.888-80-80 35.888-80 80-80 80 35.888 80 80z\"\/><\/svg><\/div>\n    \t                  <\/div>\n<\/div>\n\n<\/div><div class=\"bde-rich-text-292-126 bde-rich-text breakdance-rich-text-styles\">\n<p>Thai boxing is one of the most versatile stand-up combat sports, where strikes with hands, feet, knees and elbows are possible. In addition, the thai boxing repertoire includes standing wrestling, which is also called clinch, where it is also allowed to take down the opponent according to the rules.<br \/>The interplay of all these components helps Muay Thai practitioners achieve a strong physical condition and readiness to fight at different distances and situations.<br \/>Thai boxing is by its nature suitable for practitioners of all ages and is a relatively easy to learn and very practical martial art.<\/p>\n<\/div><div class=\"bde-fancy-divider-292-209 bde-fancy-divider\">\n\n\n<div class=\"bde-fancy-divider__wrapper\">\n  <div class=\"bde-fancy-divider__separator has-content has-content-flex-start\">\n  \t    \t    \t    \t\t\t    \t\t<div class=\"bde-fancy-divider__content bde-fancy-divider__content--icon\"><svg xmlns=\"http:\/\/www.w3.org\/2000\/svg\" viewbox=\"0 0 512 512\"><!-- Font Awesome Free 5.15.1 by @fontawesome - https:\/\/fontawesome.com License - https:\/\/fontawesome.com\/license\/free (Icons: CC BY 4.0, Fonts: SIL OFL 1.1, Code: MIT License) --><path d=\"M256 8C119.033 8 8 119.033 8 256s111.033 248 248 248 248-111.033 248-248S392.967 8 256 8zm80 248c0 44.112-35.888 80-80 80s-80-35.888-80-80 35.888-80 80-80 80 35.888 80 80z\"\/><\/svg><\/div>\n    \t                  <\/div>\n<\/div>\n\n<\/div><div class=\"bde-rich-text-292-208 bde-rich-text breakdance-rich-text-styles\">\n<p><strong>Additional values:<\/strong><br \/>+ self-defense skills<br \/>+ fat burning<br \/>+ increasing muscle tone<br \/>+ versatile training<br \/>+ good durability<\/p>\n<\/div><h3 class=\"bde-heading-292-127 bde-heading\">\nWho and where can do Thai boxing?\n<\/h3><div class=\"bde-rich-text-292-196 bde-rich-text breakdance-rich-text-styles\">\n<p>\u2022 Suitable for both genders starting at 7 years. Previous fitness is not important.<br \/>\u2022 Training takes place in all three of our locations<strong> <a href=\"https:\/\/taipoks.ee\/en\/kristiineasukoht\/\">KRISTIINE<\/a><\/strong>, <strong><a href=\"https:\/\/taipoks.ee\/en\/haaberstiasukoht\/\">HAABERSTI<\/a><\/strong>, <strong><a href=\"https:\/\/taipoks.ee\/en\/t1keskusasukoht\/\">T1 CENTER<\/a><\/strong><br \/>\u2022 We accept beginner children aged 7-12 on an ongoing basis, see lesson plans or <strong><a href=\"https:\/\/taipoks.ee\/en\/leiatreening\/\">FIND A TRAINING<\/a><\/strong><br \/>\u2022 We accept teenager beginners (13-17) and adults (18+). <strong><a href=\"https:\/\/taipoks.ee\/en\/baaskursused\/\">FOR BEGINNER COURSES<\/a><\/strong> <br \/>\u2022 We accept those who already have experience to join intermediate level (Enthusiasts) and advanced level (Main group) groups on an ongoing basis, for this see lesson plans or<strong> <a href=\"https:\/\/taipoks.ee\/en\/leiatreening\/\">FIND A TRAINING<\/a><\/strong><\/p>\n<\/div>\n<\/div><div class=\"bde-column-292-142 bde-column\">\n  \n  \n\t\n\n\n\n<div class=\"bde-div-292-201 bde-div\">\n  \n  \n\t\n\n\n\n<div class=\"bde-video-292-207 bde-video\">\n<div class=\"ee-video-container\">\n            <video class=\"ee-video\" src=\"https:\/\/taipoks.ee\/wp-content\/uploads\/2024\/05\/TP_Baaskursus.mp4\"\n               autoplay='true'                controls='true'                                loop='true'                muted='true'                controlslist=\"nodownload\"                playsinline\n>\n        <\/video>\n    \n    <\/div>\n\n<\/div>\n<\/div><div class=\"bde-div-292-147 bde-div\">\n  \n  \n\t\n\n\n\n<h3 class=\"bde-heading-292-148 bde-heading\">\nLocations\n<\/h3><div class=\"bde-fancy-divider-292-149 bde-fancy-divider\">\n\n\n<div class=\"bde-fancy-divider__wrapper\">\n  <div class=\"bde-fancy-divider__separator has-content has-content-flex-start\">\n  \t    \t    \t    \t\t\t    \t\t<div class=\"bde-fancy-divider__content bde-fancy-divider__content--icon\"><svg xmlns=\"http:\/\/www.w3.org\/2000\/svg\" viewbox=\"0 0 512 512\"><!-- Font Awesome Free 5.15.1 by @fontawesome - https:\/\/fontawesome.com License - https:\/\/fontawesome.com\/license\/free (Icons: CC BY 4.0, Fonts: SIL OFL 1.1, Code: MIT License) --><path d=\"M256 8C119.033 8 8 119.033 8 256s111.033 248 248 248 248-111.033 248-248S392.967 8 256 8zm80 248c0 44.112-35.888 80-80 80s-80-35.888-80-80 35.888-80 80-80 80 35.888 80 80z\"\/><\/svg><\/div>\n    \t                  <\/div>\n<\/div>\n\n<\/div><div class=\"bde-button-292-210 bde-button\">\n    \n                        \n                        \n    \n    \n    \n    \n            \n                    \n            \n            \n\n    \n    \n    \n    \n    \n    <a class=\"breakdance-link button-atom button-atom--custom bde-button__button\" href=\"https:\/\/taipoks.ee\/en\/kristiineasukoht\/\" target=\"_self\" data-type=\"url\"  >\n\n    \n        <span class=\"button-atom__text\">KRISTIINE<\/span>\n\n        \n        \n                <\/a>\n\n    \n\n\n<\/div><div class=\"bde-button-292-211 bde-button\">\n    \n                        \n                        \n    \n    \n    \n    \n            \n                    \n            \n            \n\n    \n    \n    \n    \n    \n    <a class=\"breakdance-link button-atom button-atom--custom bde-button__button\" href=\"https:\/\/taipoks.ee\/en\/haaberstiasukoht\/\" target=\"_self\" data-type=\"url\"  >\n\n    \n        <span class=\"button-atom__text\">HAABERSTI<\/span>\n\n        \n        \n                <\/a>\n\n    \n\n\n<\/div><div class=\"bde-button-292-212 bde-button\">\n    \n                        \n                        \n    \n    \n    \n    \n            \n                    \n            \n            \n\n    \n    \n    \n    \n    \n    <a class=\"breakdance-link button-atom button-atom--custom bde-button__button\" href=\"https:\/\/taipoks.ee\/en\/t1keskusasukoht\/\" target=\"_self\" data-type=\"url\"  >\n\n    \n        <span class=\"button-atom__text\">T1 CENTER<\/span>\n\n        \n        \n                <\/a>\n\n    \n\n\n<\/div>\n<\/div>\n<\/div><\/div><\/div>\n<\/section>","protected":false},"excerpt":{"rendered":"<p>Taipoks (Muay Thai) hea f\u00fc\u00fcsiline vorm intensiivne rasvap\u00f5letus t\u00f5stab enesekindlust sobib k\u00f5igile Taipoks on \u00fcks mitmek\u00fclgsemaid p\u00fcstiv\u00f5itlusspordialasid, kus v\u00f5imalikud on l\u00f6\u00f6gid nii k\u00e4te, jalgade, p\u00f5lvede kui ka k\u00fc\u00fcnarnukkidega. Lisaks kuulub taipoksi repertuaari p\u00fcstimaadlus, mida nimetatakse ka klint\u0161iks, kus on lubatud ka vastase reeglitep\u00e4rane mahaviimine.K\u00f5igi nende komponentide koosm\u00f5ju aitab taipoksi harrastajatel saavutada tugeva f\u00fc\u00fcsilise vormi ja [&hellip;]<\/p>\n","protected":false},"author":1,"featured_media":0,"parent":0,"menu_order":0,"comment_status":"closed","ping_status":"closed","template":"","meta":{"_acf_changed":false,"_breakdance_hide_in_design_set":false,"_breakdance_tags":"","footnotes":""},"class_list":["post-292","page","type-page","status-publish","hentry"],"acf":[],"_links":{"self":[{"href":"https:\/\/taipoks.ee\/en\/wp-json\/wp\/v2\/pages\/292","targetHints":{"allow":["GET"]}}],"collection":[{"href":"https:\/\/taipoks.ee\/en\/wp-json\/wp\/v2\/pages"}],"about":[{"href":"https:\/\/taipoks.ee\/en\/wp-json\/wp\/v2\/types\/page"}],"author":[{"embeddable":true,"href":"https:\/\/taipoks.ee\/en\/wp-json\/wp\/v2\/users\/1"}],"replies":[{"embeddable":true,"href":"https:\/\/taipoks.ee\/en\/wp-json\/wp\/v2\/comments?post=292"}],"version-history":[{"count":150,"href":"https:\/\/taipoks.ee\/en\/wp-json\/wp\/v2\/pages\/292\/revisions"}],"predecessor-version":[{"id":8807,"href":"https:\/\/taipoks.ee\/en\/wp-json\/wp\/v2\/pages\/292\/revisions\/8807"}],"wp:attachment":[{"href":"https:\/\/taipoks.ee\/en\/wp-json\/wp\/v2\/media?parent=292"}],"curies":[{"name":"wp","href":"https:\/\/api.w.org\/{rel}","templated":true}]}}