{"id":3179,"date":"2024-04-18T16:35:23","date_gmt":"2024-04-18T16:35:23","guid":{"rendered":"https:\/\/taipoks.ee\/?page_id=3179"},"modified":"2025-09-03T13:34:21","modified_gmt":"2025-09-03T10:34:21","slug":"varustus","status":"publish","type":"page","link":"https:\/\/taipoks.ee\/en\/varustus\/","title":{"rendered":"Gear"},"content":{"rendered":"<section class=\"bde-section-3179-138 bde-section\">\n              \n  \n  \n\t\n\n  <div class=\"section-background-overlay\"><\/div>\n\n\n<div class=\"section-container\"><div class=\"bde-columns-3179-139 bde-columns\"><div class=\"bde-column-3179-140 bde-column\">\n  \n  \n\t\n\n\n\n<h1 class=\"bde-heading-3179-141 bde-heading\">\nGear\n<\/h1>\n<\/div><\/div><\/div>\n<\/section><section class=\"bde-section-3179-100 bde-section\">\n  \n  \n\t\n\n\n\n<div class=\"section-container\"><div class=\"bde-columns-3179-101 bde-columns\"><div class=\"bde-column-3179-102 bde-column\">\n  \n  \n\t\n\n\n\n<div class=\"bde-image-3179-155 bde-image\">\n<figure class=\"breakdance-image breakdance-image--3187\">\n\t<div class=\"breakdance-image-container\">\n\t\t<div class=\"breakdance-image-clip\"><img loading=\"lazy\" decoding=\"async\" class=\"breakdance-image-object\" src=\"https:\/\/taipoks.ee\/wp-content\/uploads\/2024\/04\/Pitbull-logo.png\" width=\"2757\" height=\"4343\" srcset=\"https:\/\/taipoks.ee\/wp-content\/uploads\/2024\/04\/Pitbull-logo.png 2757w, https:\/\/taipoks.ee\/wp-content\/uploads\/2024\/04\/Pitbull-logo-190x300.png 190w, https:\/\/taipoks.ee\/wp-content\/uploads\/2024\/04\/Pitbull-logo-650x1024.png 650w, https:\/\/taipoks.ee\/wp-content\/uploads\/2024\/04\/Pitbull-logo-768x1210.png 768w, https:\/\/taipoks.ee\/wp-content\/uploads\/2024\/04\/Pitbull-logo-975x1536.png 975w, https:\/\/taipoks.ee\/wp-content\/uploads\/2024\/04\/Pitbull-logo-1300x2048.png 1300w, https:\/\/taipoks.ee\/wp-content\/uploads\/2024\/04\/Pitbull-logo-600x945.png 600w\" sizes=\"auto, (max-width: 2757px) 100vw, 2757px\"><\/div>\n\t<\/div><\/figure>\n\n<\/div><div class=\"bde-rich-text-3179-188 bde-rich-text breakdance-rich-text-styles\">\n<p><strong>If you train in our club, ask the coach of your group for equipment. Otherwise, write <a href=\"mailto:varustus@taipoks.ee\">varustus@taipoks.ee<\/a> or come to us in (MON-FRI at 8:00-13:00 or 16:00-19:30) <a href=\"https:\/\/taipoks.ee\/en\/kristiineasukoht\/\">Kristiine<\/a> and you can make the purchase through the administrator.<\/strong><\/p>\n<\/div>\n<\/div><\/div><div class=\"bde-gallery-3179-187 bde-gallery\">\n\n\n\n\n\n\n\n\n\n\n\n\n\n<div class=\"ee-gallery ee-gallery--isotope ee-gallery--masonry ee-gallery--single ee-gallery--lightbox ee-gallery-- ee-gallery--caption-bottom ee-gallery--caption-none ee-gallery--ratio\">\n                  \n      <a class=\"ee-gallery-item ee-gallery-item--image ee-gallery-item--single\" href=\"https:\/\/taipoks.ee\/wp-content\/uploads\/2024\/04\/poksikindad.jpg\"  data-sub-html=\"<span>POKSIKINDAD 50\u20ac<\/span>\" data-category=\"1\"                  data-lg-size=\"1200-1200\"\n\n      >\n        <figure class=\"ee-gallery-item-figure\">\n                        <img loading=\"lazy\" decoding=\"async\" class=\"breakdance-image-object\" src=\"https:\/\/taipoks.ee\/wp-content\/uploads\/2024\/04\/poksikindad-1024x1024.jpg\" width=\"1024\" height=\"1024\" srcset=\"https:\/\/taipoks.ee\/wp-content\/uploads\/2024\/04\/poksikindad.jpg 1200w, https:\/\/taipoks.ee\/wp-content\/uploads\/2024\/04\/poksikindad-300x300.jpg 300w, https:\/\/taipoks.ee\/wp-content\/uploads\/2024\/04\/poksikindad-1024x1024.jpg 1024w, https:\/\/taipoks.ee\/wp-content\/uploads\/2024\/04\/poksikindad-150x150.jpg 150w, https:\/\/taipoks.ee\/wp-content\/uploads\/2024\/04\/poksikindad-768x768.jpg 768w, https:\/\/taipoks.ee\/wp-content\/uploads\/2024\/04\/poksikindad-600x600.jpg 600w, https:\/\/taipoks.ee\/wp-content\/uploads\/2024\/04\/poksikindad-100x100.jpg 100w\" sizes=\"auto, (max-width: 1200px) 100vw, 1200px\">\n          \n                      <figcaption class=\"ee-gallery-item-caption\">\n              BOXING GLOVES \u20ac50\n            <\/figcaption>\n                  <\/figure>\n      <\/a>\n\n                \n      <a class=\"ee-gallery-item ee-gallery-item--image ee-gallery-item--single\" href=\"https:\/\/taipoks.ee\/wp-content\/uploads\/2024\/04\/jalakaitsmed-nahast.jpg\"  data-sub-html=\"<span>JALAKAITSMED NAHAST 60\u20ac<\/span>\" data-category=\"1\"                  data-lg-size=\"1200-1200\"\n\n      >\n        <figure class=\"ee-gallery-item-figure\">\n                        <img loading=\"lazy\" decoding=\"async\" class=\"breakdance-image-object\" src=\"https:\/\/taipoks.ee\/wp-content\/uploads\/2024\/04\/jalakaitsmed-nahast-1024x1024.jpg\" width=\"1024\" height=\"1024\" srcset=\"https:\/\/taipoks.ee\/wp-content\/uploads\/2024\/04\/jalakaitsmed-nahast.jpg 1200w, https:\/\/taipoks.ee\/wp-content\/uploads\/2024\/04\/jalakaitsmed-nahast-300x300.jpg 300w, https:\/\/taipoks.ee\/wp-content\/uploads\/2024\/04\/jalakaitsmed-nahast-1024x1024.jpg 1024w, https:\/\/taipoks.ee\/wp-content\/uploads\/2024\/04\/jalakaitsmed-nahast-150x150.jpg 150w, https:\/\/taipoks.ee\/wp-content\/uploads\/2024\/04\/jalakaitsmed-nahast-768x768.jpg 768w, https:\/\/taipoks.ee\/wp-content\/uploads\/2024\/04\/jalakaitsmed-nahast-600x600.jpg 600w, https:\/\/taipoks.ee\/wp-content\/uploads\/2024\/04\/jalakaitsmed-nahast-100x100.jpg 100w\" sizes=\"auto, (max-width: 1200px) 100vw, 1200px\">\n          \n                      <figcaption class=\"ee-gallery-item-caption\">\n              LEATHER LEG PROTECTORS \u20ac60\n            <\/figcaption>\n                  <\/figure>\n      <\/a>\n\n                \n      <a class=\"ee-gallery-item ee-gallery-item--image ee-gallery-item--single\" href=\"https:\/\/taipoks.ee\/wp-content\/uploads\/2024\/04\/katesidemed.jpg\"  data-sub-html=\"<span>K\u00c4TESIDEMED 2,5m 5\u20ac\/3,5m 6\u20ac\/4,5m 7\u20ac\/6m 8\u20ac<\/span>\" data-category=\"1\"                  data-lg-size=\"1200-1200\"\n\n      >\n        <figure class=\"ee-gallery-item-figure\">\n                        <img loading=\"lazy\" decoding=\"async\" class=\"breakdance-image-object\" src=\"https:\/\/taipoks.ee\/wp-content\/uploads\/2024\/04\/katesidemed-1024x1024.jpg\" width=\"1024\" height=\"1024\" srcset=\"https:\/\/taipoks.ee\/wp-content\/uploads\/2024\/04\/katesidemed.jpg 1200w, https:\/\/taipoks.ee\/wp-content\/uploads\/2024\/04\/katesidemed-300x300.jpg 300w, https:\/\/taipoks.ee\/wp-content\/uploads\/2024\/04\/katesidemed-1024x1024.jpg 1024w, https:\/\/taipoks.ee\/wp-content\/uploads\/2024\/04\/katesidemed-150x150.jpg 150w, https:\/\/taipoks.ee\/wp-content\/uploads\/2024\/04\/katesidemed-768x768.jpg 768w, https:\/\/taipoks.ee\/wp-content\/uploads\/2024\/04\/katesidemed-600x600.jpg 600w, https:\/\/taipoks.ee\/wp-content\/uploads\/2024\/04\/katesidemed-100x100.jpg 100w\" sizes=\"auto, (max-width: 1200px) 100vw, 1200px\">\n          \n                      <figcaption class=\"ee-gallery-item-caption\">\n              HAND TIES 2.5m 5\u20ac\/3.5m 6\u20ac\/4.5m 7\u20ac\/6m 8\u20ac\n            <\/figcaption>\n                  <\/figure>\n      <\/a>\n\n                \n      <a class=\"ee-gallery-item ee-gallery-item--image ee-gallery-item--single\" href=\"https:\/\/taipoks.ee\/wp-content\/uploads\/2024\/04\/hambakaitsmed.jpg\"  data-sub-html=\"<span>HAMBAKAITSMED 5\u20ac<\/span>\" data-category=\"1\"                  data-lg-size=\"1200-1200\"\n\n      >\n        <figure class=\"ee-gallery-item-figure\">\n                        <img loading=\"lazy\" decoding=\"async\" class=\"breakdance-image-object\" src=\"https:\/\/taipoks.ee\/wp-content\/uploads\/2024\/04\/hambakaitsmed-1024x1024.jpg\" width=\"1024\" height=\"1024\" srcset=\"https:\/\/taipoks.ee\/wp-content\/uploads\/2024\/04\/hambakaitsmed.jpg 1200w, https:\/\/taipoks.ee\/wp-content\/uploads\/2024\/04\/hambakaitsmed-300x300.jpg 300w, https:\/\/taipoks.ee\/wp-content\/uploads\/2024\/04\/hambakaitsmed-1024x1024.jpg 1024w, https:\/\/taipoks.ee\/wp-content\/uploads\/2024\/04\/hambakaitsmed-150x150.jpg 150w, https:\/\/taipoks.ee\/wp-content\/uploads\/2024\/04\/hambakaitsmed-768x768.jpg 768w, https:\/\/taipoks.ee\/wp-content\/uploads\/2024\/04\/hambakaitsmed-600x600.jpg 600w, https:\/\/taipoks.ee\/wp-content\/uploads\/2024\/04\/hambakaitsmed-100x100.jpg 100w\" sizes=\"auto, (max-width: 1200px) 100vw, 1200px\">\n          \n                      <figcaption class=\"ee-gallery-item-caption\">\n              GUARDS \u20ac5\n            <\/figcaption>\n                  <\/figure>\n      <\/a>\n\n                \n      <a class=\"ee-gallery-item ee-gallery-item--image ee-gallery-item--single\" href=\"https:\/\/taipoks.ee\/wp-content\/uploads\/2024\/04\/tekstiil-jalakaitmsed.jpg\"  data-sub-html=\"<span>TEKSTIIL JALAKAITSMED 15\u20ac<\/span>\" data-category=\"1\"                  data-lg-size=\"1200-1200\"\n\n      >\n        <figure class=\"ee-gallery-item-figure\">\n                        <img loading=\"lazy\" decoding=\"async\" class=\"breakdance-image-object\" src=\"https:\/\/taipoks.ee\/wp-content\/uploads\/2024\/04\/tekstiil-jalakaitmsed-1024x1024.jpg\" width=\"1024\" height=\"1024\" srcset=\"https:\/\/taipoks.ee\/wp-content\/uploads\/2024\/04\/tekstiil-jalakaitmsed.jpg 1200w, https:\/\/taipoks.ee\/wp-content\/uploads\/2024\/04\/tekstiil-jalakaitmsed-300x300.jpg 300w, https:\/\/taipoks.ee\/wp-content\/uploads\/2024\/04\/tekstiil-jalakaitmsed-1024x1024.jpg 1024w, https:\/\/taipoks.ee\/wp-content\/uploads\/2024\/04\/tekstiil-jalakaitmsed-150x150.jpg 150w, https:\/\/taipoks.ee\/wp-content\/uploads\/2024\/04\/tekstiil-jalakaitmsed-768x768.jpg 768w, https:\/\/taipoks.ee\/wp-content\/uploads\/2024\/04\/tekstiil-jalakaitmsed-600x600.jpg 600w, https:\/\/taipoks.ee\/wp-content\/uploads\/2024\/04\/tekstiil-jalakaitmsed-100x100.jpg 100w\" sizes=\"auto, (max-width: 1200px) 100vw, 1200px\">\n          \n                      <figcaption class=\"ee-gallery-item-caption\">\n              TEXTILE LEG PROTECTORS 15\u20ac\n            <\/figcaption>\n                  <\/figure>\n      <\/a>\n\n                \n      <a class=\"ee-gallery-item ee-gallery-item--image ee-gallery-item--single\" href=\"https:\/\/taipoks.ee\/wp-content\/uploads\/2024\/04\/pahkluu-sokid.jpg\"  data-sub-html=\"<span>PAHKLUU SOKID 10\u20ac<\/span>\" data-category=\"1\"                  data-lg-size=\"1200-1200\"\n\n      >\n        <figure class=\"ee-gallery-item-figure\">\n                        <img loading=\"lazy\" decoding=\"async\" class=\"breakdance-image-object\" src=\"https:\/\/taipoks.ee\/wp-content\/uploads\/2024\/04\/pahkluu-sokid-1024x1024.jpg\" width=\"1024\" height=\"1024\" srcset=\"https:\/\/taipoks.ee\/wp-content\/uploads\/2024\/04\/pahkluu-sokid.jpg 1200w, https:\/\/taipoks.ee\/wp-content\/uploads\/2024\/04\/pahkluu-sokid-300x300.jpg 300w, https:\/\/taipoks.ee\/wp-content\/uploads\/2024\/04\/pahkluu-sokid-1024x1024.jpg 1024w, https:\/\/taipoks.ee\/wp-content\/uploads\/2024\/04\/pahkluu-sokid-150x150.jpg 150w, https:\/\/taipoks.ee\/wp-content\/uploads\/2024\/04\/pahkluu-sokid-768x768.jpg 768w, https:\/\/taipoks.ee\/wp-content\/uploads\/2024\/04\/pahkluu-sokid-600x600.jpg 600w, https:\/\/taipoks.ee\/wp-content\/uploads\/2024\/04\/pahkluu-sokid-100x100.jpg 100w\" sizes=\"auto, (max-width: 1200px) 100vw, 1200px\">\n          \n                      <figcaption class=\"ee-gallery-item-caption\">\n              ANKLE SOCKS \u20ac10\n            <\/figcaption>\n                  <\/figure>\n      <\/a>\n\n                \n      <a class=\"ee-gallery-item ee-gallery-item--image ee-gallery-item--single\" href=\"https:\/\/taipoks.ee\/wp-content\/uploads\/2024\/04\/puksid3.jpg\"  data-sub-html=\"<span>TAIPOKSI\/KIKPOKSI P\u00dcKSID 35\u20ac Suurused: XS, S, M, L, XL<\/span>\" data-category=\"1\"                  data-lg-size=\"1200-1200\"\n\n      >\n        <figure class=\"ee-gallery-item-figure\">\n                        <img loading=\"lazy\" decoding=\"async\" class=\"breakdance-image-object\" src=\"https:\/\/taipoks.ee\/wp-content\/uploads\/2024\/04\/puksid3-1024x1024.jpg\" width=\"1024\" height=\"1024\" srcset=\"https:\/\/taipoks.ee\/wp-content\/uploads\/2024\/04\/puksid3.jpg 1200w, https:\/\/taipoks.ee\/wp-content\/uploads\/2024\/04\/puksid3-300x300.jpg 300w, https:\/\/taipoks.ee\/wp-content\/uploads\/2024\/04\/puksid3-1024x1024.jpg 1024w, https:\/\/taipoks.ee\/wp-content\/uploads\/2024\/04\/puksid3-150x150.jpg 150w, https:\/\/taipoks.ee\/wp-content\/uploads\/2024\/04\/puksid3-768x768.jpg 768w, https:\/\/taipoks.ee\/wp-content\/uploads\/2024\/04\/puksid3-600x600.jpg 600w, https:\/\/taipoks.ee\/wp-content\/uploads\/2024\/04\/puksid3-100x100.jpg 100w\" sizes=\"auto, (max-width: 1200px) 100vw, 1200px\">\n          \n                      <figcaption class=\"ee-gallery-item-caption\">\n              THAI BOXING\/KICK BOXING PANTS \u20ac35 Sizes: XS, S, M, L, XL\n            <\/figcaption>\n                  <\/figure>\n      <\/a>\n\n      \n      <div class=\"ee-gallery-gutter\"><\/div>\n  <\/div>\n\n\n\n<\/div><\/div>\n<\/section>","protected":false},"excerpt":{"rendered":"<p>Varustus Kui treenid meie klubis siis k\u00fcsi varustust oma grupi treenerilt. Muul juhul kirjuta varustus@taipoks.ee v\u00f5i tule kohale (E-R kell 8:00-13:00 v\u00f5i 16:00-19:30) meie Kristiine treeningsaali ning saad ostu sooritada administraatori kaudu. POKSIKINDAD 50\u20ac JALAKAITSMED NAHAST 60\u20ac K\u00c4TESIDEMED 2,5m 5\u20ac\/3,5m 6\u20ac\/4,5m 7\u20ac\/6m 8\u20ac HAMBAKAITSMED 5\u20ac TEKSTIIL JALAKAITSMED 15\u20ac PAHKLUU SOKID 10\u20ac TAIPOKSI\/KIKPOKSI P\u00dcKSID 35\u20ac Suurused: [&hellip;]<\/p>\n","protected":false},"author":1,"featured_media":0,"parent":0,"menu_order":0,"comment_status":"closed","ping_status":"closed","template":"","meta":{"_acf_changed":false,"_breakdance_hide_in_design_set":false,"_breakdance_tags":"","footnotes":""},"class_list":["post-3179","page","type-page","status-publish","hentry"],"acf":[],"_links":{"self":[{"href":"https:\/\/taipoks.ee\/en\/wp-json\/wp\/v2\/pages\/3179","targetHints":{"allow":["GET"]}}],"collection":[{"href":"https:\/\/taipoks.ee\/en\/wp-json\/wp\/v2\/pages"}],"about":[{"href":"https:\/\/taipoks.ee\/en\/wp-json\/wp\/v2\/types\/page"}],"author":[{"embeddable":true,"href":"https:\/\/taipoks.ee\/en\/wp-json\/wp\/v2\/users\/1"}],"replies":[{"embeddable":true,"href":"https:\/\/taipoks.ee\/en\/wp-json\/wp\/v2\/comments?post=3179"}],"version-history":[{"count":85,"href":"https:\/\/taipoks.ee\/en\/wp-json\/wp\/v2\/pages\/3179\/revisions"}],"predecessor-version":[{"id":9425,"href":"https:\/\/taipoks.ee\/en\/wp-json\/wp\/v2\/pages\/3179\/revisions\/9425"}],"wp:attachment":[{"href":"https:\/\/taipoks.ee\/en\/wp-json\/wp\/v2\/media?parent=3179"}],"curies":[{"name":"wp","href":"https:\/\/api.w.org\/{rel}","templated":true}]}}