{"id":3250,"date":"2024-04-19T17:31:04","date_gmt":"2024-04-19T17:31:04","guid":{"rendered":"https:\/\/taipoks.ee\/?page_id=3250"},"modified":"2026-02-10T16:29:40","modified_gmt":"2026-02-10T14:29:40","slug":"hinnad","status":"publish","type":"page","link":"https:\/\/taipoks.ee\/en\/hinnad\/","title":{"rendered":"Prices"},"content":{"rendered":"<section class=\"bde-section-3250-100 bde-section\">\n              \n  \n  \n\t\n\n  <div class=\"section-background-overlay\"><\/div>\n\n\n<div class=\"section-container\"><div class=\"bde-columns-3250-101 bde-columns\"><div class=\"bde-column-3250-102 bde-column\">\n  \n  \n\t\n\n\n\n<h1 class=\"bde-heading-3250-103 bde-heading\">\nPrice list\n<\/h1>\n<\/div><\/div><\/div>\n<\/section><section class=\"bde-section-3250-164 bde-section\">\n  \n  \n\t\n\n\n\n<div class=\"section-container\"><div class=\"bde-accordion-3250-165 bde-accordion bde-accordion--bordered\"><div class=\"bde-accordion__content-wrapper-3250-166 bde-accordion__content-wrapper\">\n<h3 class=\"bde-accordion__title-tag\">\n  <button type=\"button\" class=\"bde-accordion__button\" id=\"accordion-button-166\" aria-controls=\"accordion-panel-166\" aria-expanded=\"false\">\n     <span class=\"bde-accordion__title\" >Courses for beginners price list<\/span>\n     <span class=\"bde-accordion__icon bde-accordion__icon--default\"><\/span>\n     <span class=\"bde-accordion__icon bde-accordion__icon--active\"><\/span>\n  <\/button>\n<\/h3>\n\n<div role=\"region\" class=\"bde-accordion__panel\" id=\"accordion-panel-166\" aria-labelledby=\"accordion-button-166\">\n    <div class=\"bde-accordion__panel-content\">\n        <h2 class=\"bde-heading-3250-167 bde-heading\">\nCourses for beginners price list\n<\/h2><div class=\"bde-tabs-3250-168 bde-tabs\">\n\n  \n        \n      <select aria-label=\"Content tabs\" class=\"bde-tabs__select js-tab-select\">\n      \n              <option value=\"tab-bde-tabs-3250-168-1\" data-value=\"1\">\n          BK (3 months, 3 times a week)\n        <\/option>\n              <option value=\"tab-bde-tabs-3250-168-2\" data-value=\"2\">\n          BK (2 months, 2 times a week)\n        <\/option>\n              <option value=\"tab-bde-tabs-3250-168-3\" data-value=\"3\">\n          BK (1 month, 2 times a week)\n        <\/option>\n          <\/select>\n  \n  \n  <div class=\"bde-tabs__tabslist-container bde-tabs__tabslist-container--dropdown is-vertical js-tabs-container\">\n    <div class=\"bde-tabs__tabslist bde-tabs__tabslist--pills js-tablist\" role=\"tablist\" aria-label=\"Content tabs\" aria-orientation=\"vertical\" data-tabs-id=\"bde-tabs-3250-168\">\n      \n              <button role=\"tab\" aria-selected=\"false\" class=\"bde-tabs__tab js-tab\" aria-controls=\"tab-panel-bde-tabs-3250-168-1\" id=\"tab-bde-tabs-3250-168-1\" data-value=\"1\">\n                    <span class=\"bde-tabs__tab-title\">BK (3 months, 3 times a week)<\/span>\n        <\/button>\n              <button role=\"tab\" aria-selected=\"false\" class=\"bde-tabs__tab js-tab\" aria-controls=\"tab-panel-bde-tabs-3250-168-2\" id=\"tab-bde-tabs-3250-168-2\" data-value=\"2\">\n                    <span class=\"bde-tabs__tab-title\">BK (2 months, 2 times a week)<\/span>\n        <\/button>\n              <button role=\"tab\" aria-selected=\"false\" class=\"bde-tabs__tab js-tab\" aria-controls=\"tab-panel-bde-tabs-3250-168-3\" id=\"tab-bde-tabs-3250-168-3\" data-value=\"3\">\n                    <span class=\"bde-tabs__tab-title\">BK (1 month, 2 times a week)<\/span>\n        <\/button>\n          <\/div>\n  <\/div>\n\n  <div class=\"bde-tabs-content-container\">\n        <div tabindex=\"0\" role=\"tabpanel\" class=\"bde-tabs__panel js-panel\" id=\"tab-panel-bde-tabs-3250-168-1\" aria-labelledby=\"tab-bde-tabs-3250-168-1\">\n      <div class=\"bde-tabs__panel-content breakdance-rich-text-styles\"><h3>Basic course (3 months, 3 times a week)<\/h3>\n<p><strong>Courses take place in the fall and winter.<\/strong><\/p>\n<p><strong>Course price:<\/strong><\/p>\n<ul>\n<li><strong>(-19 years old) <\/strong><strong>180\u20ac <\/strong>discounted price with confirmation of support for sports activities. <a href=\"https:\/\/taipoks.ee\/en\/sporditoetus\/\"><span style=\"color: #993300;\"><strong>More information HERE<\/strong><\/span><\/a><\/li>\n<li><strong>(-19 years old) <\/strong><strong>210\u20ac <\/strong>without confirmation<\/li>\n<li><strong>(19 years+) 210\u20ac\u00a0<\/strong><\/li>\n<\/ul>\n<p>\u00a0<\/p>\n<ul>\n<li>NB! Mandatory prior registration for the course, for which timely payment of the issued invoice guarantees the customer a place on the desired course.<\/li>\n<li>NB! The customer pays the course fee at once.<\/li>\n<li>NB! No membership contract is signed!<\/li>\n<\/ul><\/div>\n    <\/div>\n        <div tabindex=\"0\" role=\"tabpanel\" class=\"bde-tabs__panel js-panel\" id=\"tab-panel-bde-tabs-3250-168-2\" aria-labelledby=\"tab-bde-tabs-3250-168-2\">\n      <div class=\"bde-tabs__panel-content breakdance-rich-text-styles\"><h3>Basic course (2 months, 2 times a week)<\/h3>\n<p><strong>Courses take place in the fall and winter.<\/strong><\/p>\n<p><strong>Course price:<\/strong><\/p>\n<ul>\n<li><strong>(-19 years old) <\/strong><strong>100\u20ac <\/strong>discounted price with confirmation of support for sports activities. <a href=\"https:\/\/taipoks.ee\/en\/sporditoetus\/\"><span style=\"color: #993300;\"><strong>More information HERE<\/strong><\/span><\/a><\/li>\n<li><strong>(-19 years) 115<\/strong><strong>\u20ac <\/strong>without confirmation<\/li>\n<li><strong>(19 years+) 115\u20ac\u00a0<\/strong><\/li>\n<\/ul>\n<p>\u00a0<\/p>\n<ul>\n<li>NB! Mandatory prior registration for the course, for which timely payment of the issued invoice guarantees the customer a place on the desired course.<\/li>\n<li>NB! The customer pays the course fee at once.<\/li>\n<li>NB! No membership contract is signed!<\/li>\n<\/ul><\/div>\n    <\/div>\n        <div tabindex=\"0\" role=\"tabpanel\" class=\"bde-tabs__panel js-panel\" id=\"tab-panel-bde-tabs-3250-168-3\" aria-labelledby=\"tab-bde-tabs-3250-168-3\">\n      <div class=\"bde-tabs__panel-content breakdance-rich-text-styles\"><h3>Summer short course (1 month, 2 times a week)<\/h3>\n<p><strong>Courses take place in the summer<\/strong><\/p>\n<p><strong>Course price:<\/strong><\/p>\n<ul>\n<li><strong>(-19 years) 65<\/strong><strong>\u20ac <\/strong>discounted price with confirmation of support for sports activities. <a href=\"https:\/\/taipoks.ee\/en\/sporditoetus\/\"><span style=\"color: #993300;\"><strong>More information HERE<\/strong><\/span><\/a><\/li>\n<li><strong>(-19 years) 75<\/strong><strong>\u20ac <\/strong>without confirmation<\/li>\n<li><strong>(19+) 75\u20ac\u00a0<\/strong><\/li>\n<\/ul>\n<p>\u00a0<\/p>\n<ul>\n<li>NB! Mandatory prior registration for the course, for which timely payment of the issued invoice guarantees the customer a place on the desired course.<\/li>\n<li>NB! The customer pays the course fee at once.<\/li>\n<li>NB! No membership contract is signed!<\/li>\n<\/ul><\/div>\n    <\/div>\n      <\/div>\n\n<\/div><div class=\"bde-div-3250-169 bde-div\">\n  \n  \n\t\n\n\n\n<div class=\"bde-image-3250-170 bde-image\">\n<figure class=\"breakdance-image breakdance-image--5265\">\n\t<div class=\"breakdance-image-container\">\n\t\t<div class=\"breakdance-image-clip\"><a class=\"breakdance-image-link breakdance-image-link--url\" href=\"https:\/\/app.stebby.eu\/pos\/kevin.renno.v.itlusspordi.akadeemia\" target=\"_blank\" rel=\"noopener\" data-sub-html=\"\" data-lg-size=\"-\"><img loading=\"lazy\" decoding=\"async\" class=\"breakdance-image-object\" src=\"https:\/\/test.taipoks.ee\/wp-content\/uploads\/2024\/06\/stebby-logo-gradient.png\" width=\"256\" height=\"54\" sizes=\"auto, (max-width: 256px) 100vw, 256px\"><\/a><\/div>\n\t<\/div><\/figure>\n\n<\/div><div class=\"bde-text-3250-171 bde-text\">\nYou can pay through the Stebby platform.\n<\/div>\n<\/div>\n    <\/div>\n<\/div>\n\n\n\n<\/div><div class=\"bde-accordion__content-wrapper-3250-172 bde-accordion__content-wrapper\">\n<h2 class=\"bde-accordion__title-tag\">\n  <button type=\"button\" class=\"bde-accordion__button\" id=\"accordion-button-172\" aria-controls=\"accordion-panel-172\" aria-expanded=\"false\">\n     <span class=\"bde-accordion__title\" >Standard group price list<\/span>\n     <span class=\"bde-accordion__icon bde-accordion__icon--default\"><\/span>\n     <span class=\"bde-accordion__icon bde-accordion__icon--active\"><\/span>\n  <\/button>\n<\/h2>\n\n<div role=\"region\" class=\"bde-accordion__panel\" id=\"accordion-panel-172\" aria-labelledby=\"accordion-button-172\">\n    <div class=\"bde-accordion__panel-content\">\n        <h2 class=\"bde-heading-3250-173 bde-heading\">\nStandard group price list\n<\/h2><div class=\"bde-tabs-3250-174 bde-tabs\">\n\n  \n        \n      <select aria-label=\"Content tabs\" class=\"bde-tabs__select js-tab-select\">\n      \n              <option value=\"tab-bde-tabs-3250-174-1\" data-value=\"1\">\n          1 TIME TICKETS\n        <\/option>\n              <option value=\"tab-bde-tabs-3250-174-2\" data-value=\"2\">\n          10 TIME CARDS\n        <\/option>\n              <option value=\"tab-bde-tabs-3250-174-3\" data-value=\"3\">\n          BASIC PACKAGE\n        <\/option>\n              <option value=\"tab-bde-tabs-3250-174-4\" data-value=\"4\">\n          GOLD PACKAGE\n        <\/option>\n          <\/select>\n  \n  \n  <div class=\"bde-tabs__tabslist-container bde-tabs__tabslist-container--dropdown is-horizontal js-tabs-container\">\n    <div class=\"bde-tabs__tabslist bde-tabs__tabslist--pills js-tablist\" role=\"tablist\" aria-label=\"Content tabs\" aria-orientation=\"horizontal\" data-tabs-id=\"bde-tabs-3250-174\">\n      \n              <button role=\"tab\" aria-selected=\"false\" class=\"bde-tabs__tab js-tab\" aria-controls=\"tab-panel-bde-tabs-3250-174-1\" id=\"tab-bde-tabs-3250-174-1\" data-value=\"1\">\n                      <span class=\"bde-tabs__tab-icon\"><svg xmlns=\"http:\/\/www.w3.org\/2000\/svg\" viewbox=\"0 0 512 512\"><!-- Font Awesome Free 5.15.1 by @fontawesome - https:\/\/fontawesome.com License - https:\/\/fontawesome.com\/license\/free (Icons: CC BY 4.0, Fonts: SIL OFL 1.1, Code: MIT License) --><path d=\"M504 256c0 137-111 248-248 248S8 393 8 256 119 8 256 8s248 111 248 248zM212 140v116h-70.9c-10.7 0-16.1 13-8.5 20.5l114.9 114.3c4.7 4.7 12.2 4.7 16.9 0l114.9-114.3c7.6-7.6 2.2-20.5-8.5-20.5H300V140c0-6.6-5.4-12-12-12h-64c-6.6 0-12 5.4-12 12z\"\/><\/svg><\/span>\n                    <span class=\"bde-tabs__tab-title\">1 TIME TICKETS<\/span>\n        <\/button>\n              <button role=\"tab\" aria-selected=\"false\" class=\"bde-tabs__tab js-tab\" aria-controls=\"tab-panel-bde-tabs-3250-174-2\" id=\"tab-bde-tabs-3250-174-2\" data-value=\"2\">\n                      <span class=\"bde-tabs__tab-icon\"><svg xmlns=\"http:\/\/www.w3.org\/2000\/svg\" viewbox=\"0 0 512 512\"><!-- Font Awesome Free 5.15.1 by @fontawesome - https:\/\/fontawesome.com License - https:\/\/fontawesome.com\/license\/free (Icons: CC BY 4.0, Fonts: SIL OFL 1.1, Code: MIT License) --><path d=\"M504 256c0 137-111 248-248 248S8 393 8 256 119 8 256 8s248 111 248 248zM212 140v116h-70.9c-10.7 0-16.1 13-8.5 20.5l114.9 114.3c4.7 4.7 12.2 4.7 16.9 0l114.9-114.3c7.6-7.6 2.2-20.5-8.5-20.5H300V140c0-6.6-5.4-12-12-12h-64c-6.6 0-12 5.4-12 12z\"\/><\/svg><\/span>\n                    <span class=\"bde-tabs__tab-title\">10 TIME CARDS<\/span>\n        <\/button>\n              <button role=\"tab\" aria-selected=\"false\" class=\"bde-tabs__tab js-tab\" aria-controls=\"tab-panel-bde-tabs-3250-174-3\" id=\"tab-bde-tabs-3250-174-3\" data-value=\"3\">\n                      <span class=\"bde-tabs__tab-icon\"><svg xmlns=\"http:\/\/www.w3.org\/2000\/svg\" viewbox=\"0 0 512 512\"><!-- Font Awesome Free 5.15.1 by @fontawesome - https:\/\/fontawesome.com License - https:\/\/fontawesome.com\/license\/free (Icons: CC BY 4.0, Fonts: SIL OFL 1.1, Code: MIT License) --><path d=\"M504 256c0 137-111 248-248 248S8 393 8 256 119 8 256 8s248 111 248 248zM212 140v116h-70.9c-10.7 0-16.1 13-8.5 20.5l114.9 114.3c4.7 4.7 12.2 4.7 16.9 0l114.9-114.3c7.6-7.6 2.2-20.5-8.5-20.5H300V140c0-6.6-5.4-12-12-12h-64c-6.6 0-12 5.4-12 12z\"\/><\/svg><\/span>\n                    <span class=\"bde-tabs__tab-title\">BASIC PACKAGE<\/span>\n        <\/button>\n              <button role=\"tab\" aria-selected=\"false\" class=\"bde-tabs__tab js-tab\" aria-controls=\"tab-panel-bde-tabs-3250-174-4\" id=\"tab-bde-tabs-3250-174-4\" data-value=\"4\">\n                      <span class=\"bde-tabs__tab-icon\"><svg xmlns=\"http:\/\/www.w3.org\/2000\/svg\" viewbox=\"0 0 512 512\"><!-- Font Awesome Free 5.15.1 by @fontawesome - https:\/\/fontawesome.com License - https:\/\/fontawesome.com\/license\/free (Icons: CC BY 4.0, Fonts: SIL OFL 1.1, Code: MIT License) --><path d=\"M504 256c0 137-111 248-248 248S8 393 8 256 119 8 256 8s248 111 248 248zM212 140v116h-70.9c-10.7 0-16.1 13-8.5 20.5l114.9 114.3c4.7 4.7 12.2 4.7 16.9 0l114.9-114.3c7.6-7.6 2.2-20.5-8.5-20.5H300V140c0-6.6-5.4-12-12-12h-64c-6.6 0-12 5.4-12 12z\"\/><\/svg><\/span>\n                    <span class=\"bde-tabs__tab-title\">GOLD PACKAGE<\/span>\n        <\/button>\n          <\/div>\n  <\/div>\n\n  <div class=\"bde-tabs-content-container\">\n        <div tabindex=\"0\" role=\"tabpanel\" class=\"bde-tabs__panel js-panel\" id=\"tab-panel-bde-tabs-3250-174-1\" aria-labelledby=\"tab-bde-tabs-3250-174-1\">\n      <div class=\"bde-tabs__panel-content breakdance-rich-text-styles\"><h3>1 time tickets<\/h3>\n<p><strong>Regardless of age, one price!<\/strong><\/p>\n<ul>\n<li>Individual or independent training \/ hall rental fee, up to 1.0 hours (GOLD client) \u2013 <strong>0.00\u20ac<\/strong><\/li>\n<li>Individual or independent training \/ hall rental fee, up to 1.0 hours (contract customer) - <strong>5.00\u20ac<\/strong><\/li>\n<li>Individual or independent training \/ hall rental fee, up to 1.0 hours (non-contractual client) - <strong>7.00\u20ac<\/strong><\/li>\n<li>Personal training with a trainer \/ hall rental fee, up to 1.0 hours ( GOLD client ) \u2013 <strong>0.00\u20ac<\/strong><\/li>\n<li>Personal training with a trainer \/ hall rental fee, up to 1.0 hours (contracted customer) - <strong>5.00\u20ac<\/strong><\/li>\n<li>Personal training with a trainer \/ hall rental fee, up to 1.0 hours (non-contractual client) - <strong>7.00\u20ac<\/strong><\/li>\n<li>Group training, up to 1.5 hours (GOLD client) \u2013 <strong>0.00\u20ac<\/strong><\/li>\n<li>Group training, up to 1.5 hours (contract customer) - <strong>10.00\u20ac<\/strong><\/li>\n<li>Group training, up to 1.5 hours (non-contractual client) - <strong>10.00\u20ac<\/strong><\/li>\n<li>Trial training, up to 1.5 hours - <strong>10.00\u20ac<\/strong><\/li>\n<\/ul>\n<p><strong><u>NB!<\/u><\/strong><u> With a 1-time ticket, it is not possible to participate in basic courses and in training groups that do not correspond to gender, age and experience.<\/u><\/p>\n<p><strong><u>NB!<\/u><\/strong><u> Trial training on the base course is only possible if there are still free places in the training group.<\/u><\/p><\/div>\n    <\/div>\n        <div tabindex=\"0\" role=\"tabpanel\" class=\"bde-tabs__panel js-panel\" id=\"tab-panel-bde-tabs-3250-174-2\" aria-labelledby=\"tab-bde-tabs-3250-174-2\">\n      <div class=\"bde-tabs__panel-content breakdance-rich-text-styles\"><h3>10 times cards<\/h3>\n<p><strong>No membership contract is signed!<\/strong><\/p>\n<ul>\n<li>Individual or independent training \/ hall rental fee (contractual client) \u2013 <strong>50.00\u20ac<\/strong><\/li>\n<li>Individual or independent training \/ hall rental fee (not contract customer) \u2013 <strong>70.00\u20ac<\/strong><\/li>\n<li>Group training \/ non-contractual client (-19 years) \u2013<strong> 85.00\u20ac<\/strong><\/li>\n<li>Group training \/ non-contracted client (19+) \u2013 <strong>95.00\u20ac<\/strong><\/li>\n<\/ul>\n<p><strong><u>NB!<\/u><\/strong><u> With a 10 times card, it is not possible to participate in basic courses and in training groups that do not correspond to gender, age and experience.<\/u><\/p><\/div>\n    <\/div>\n        <div tabindex=\"0\" role=\"tabpanel\" class=\"bde-tabs__panel js-panel\" id=\"tab-panel-bde-tabs-3250-174-3\" aria-labelledby=\"tab-bde-tabs-3250-174-3\">\n      <div class=\"bde-tabs__panel-content breakdance-rich-text-styles\"><h3>Basic packages<\/h3>\n<p><strong>An indefinite membership contract related to one specific training group will be concluded!<\/strong><\/p>\n<ul>\n<li>Basic package 3 workouts per week - <strong>65\u20ac<\/strong> discount price (-19 years)<strong> <span style=\"color: #993300;\">(<a style=\"color: #993300;\" href=\"https:\/\/taipoks.ee\/en\/sporditoetus\/\" target=\"_self\" data-type=\"url\">NB! The cheaper price is valid with confirmation of Sports Support! More information HERE)<\/a><\/span><\/strong><\/li>\n<li>Basic package 3 workouts per week - <strong>75\u20ac<\/strong> (-19 years) Without Sports Support Confirmation.<\/li>\n<li>Basic package 3 workouts per week - <strong>75\u20ac<\/strong> (19 years+).<\/li>\n<\/ul>\n<p>Includes 3 workouts per week, in one specific training group linked to the contract, which trains only 3 times a week according to the schedule and price list.<\/p>\n<p><strong><u>NB!<\/u><\/strong><u> It is not possible to participate in basic courses with the basic package<strong>.<\/strong><\/u><\/p>\n<p><strong><u>NB!<\/u><\/strong><u> An open-ended subscription contract is not concluded with a customer who has no previous experience and basic understanding.<\/u><\/p><\/div>\n    <\/div>\n        <div tabindex=\"0\" role=\"tabpanel\" class=\"bde-tabs__panel js-panel\" id=\"tab-panel-bde-tabs-3250-174-4\" aria-labelledby=\"tab-bde-tabs-3250-174-4\">\n      <div class=\"bde-tabs__panel-content breakdance-rich-text-styles\"><h3>Gold packages<\/h3>\n<p><strong>An open-ended subscription contract will be concluded!<\/strong><\/p>\n<ul>\n<li>Gold package - <strong>80\u20ac<\/strong> discount price (-19 years) <strong><span style=\"color: #993300;\">(<a style=\"color: #993300;\" href=\"https:\/\/taipoks.ee\/en\/sporditoetus\/\" target=\"_self\" data-type=\"url\">NB! The cheaper price is valid with confirmation of Sports Support! More information HERE)<\/a><\/span><\/strong><\/li>\n<li>Gold package - <strong>90\u20ac<\/strong> (-19 years) Without Sports Support Confirmation.<\/li>\n<li>Gold package - <strong>90\u20ac<\/strong> (19 years+).<\/li>\n<\/ul>\n<p><strong><u>NB!<\/u><\/strong><u> With the GOLD package, it is not possible to participate in basic courses and in training groups that do not correspond to gender, age and experience<\/u><strong>.<\/strong><\/p>\n<p><strong><u>NB!<\/u><\/strong><u> An open-ended subscription contract is not concluded with a customer who has no previous experience and basic understanding.<\/u><\/p><\/div>\n    <\/div>\n      <\/div>\n\n<\/div><div class=\"bde-div-3250-175 bde-div\">\n  \n  \n\t\n\n\n\n<div class=\"bde-image-3250-176 bde-image\">\n<figure class=\"breakdance-image breakdance-image--5265\">\n\t<div class=\"breakdance-image-container\">\n\t\t<div class=\"breakdance-image-clip\"><a class=\"breakdance-image-link breakdance-image-link--url\" href=\"https:\/\/app.stebby.eu\/pos\/kevin.renno.v.itlusspordi.akadeemia\" target=\"_blank\" rel=\"noopener\" data-sub-html=\"\" data-lg-size=\"-\"><img loading=\"lazy\" decoding=\"async\" class=\"breakdance-image-object\" src=\"https:\/\/test.taipoks.ee\/wp-content\/uploads\/2024\/06\/stebby-logo-gradient.png\" width=\"256\" height=\"54\" sizes=\"auto, (max-width: 256px) 100vw, 256px\"><\/a><\/div>\n\t<\/div><\/figure>\n\n<\/div><div class=\"bde-text-3250-177 bde-text\">\nYou can pay through the Stebby platform.\n<\/div>\n<\/div>\n    <\/div>\n<\/div>\n\n\n\n<\/div>\r\n\r\n<\/div><\/div>\n<\/section>","protected":false},"excerpt":{"rendered":"<p>Hinnakiri Kursused algajatele hinnakiri Kursused algajatele hinnakiri BK (3 kuud, 3 korda n\u00e4dalas) BK (2 kuud, 2 korda n\u00e4dalas) BK (1 kuu, 2 korda n\u00e4dalas) BK (3 kuud, 3 korda n\u00e4dalas) BK (2 kuud, 2 korda n\u00e4dalas) BK (1 kuu, 2 korda n\u00e4dalas) Baaskursus (3 kuud, 3 korda n\u00e4dalas) Kursused toimuvad s\u00fcgisel ja talvel Kursuse [&hellip;]<\/p>\n","protected":false},"author":1,"featured_media":0,"parent":0,"menu_order":0,"comment_status":"closed","ping_status":"closed","template":"","meta":{"_acf_changed":false,"_breakdance_hide_in_design_set":false,"_breakdance_tags":"","footnotes":""},"class_list":["post-3250","page","type-page","status-publish","hentry"],"acf":[],"_links":{"self":[{"href":"https:\/\/taipoks.ee\/en\/wp-json\/wp\/v2\/pages\/3250","targetHints":{"allow":["GET"]}}],"collection":[{"href":"https:\/\/taipoks.ee\/en\/wp-json\/wp\/v2\/pages"}],"about":[{"href":"https:\/\/taipoks.ee\/en\/wp-json\/wp\/v2\/types\/page"}],"author":[{"embeddable":true,"href":"https:\/\/taipoks.ee\/en\/wp-json\/wp\/v2\/users\/1"}],"replies":[{"embeddable":true,"href":"https:\/\/taipoks.ee\/en\/wp-json\/wp\/v2\/comments?post=3250"}],"version-history":[{"count":110,"href":"https:\/\/taipoks.ee\/en\/wp-json\/wp\/v2\/pages\/3250\/revisions"}],"predecessor-version":[{"id":10418,"href":"https:\/\/taipoks.ee\/en\/wp-json\/wp\/v2\/pages\/3250\/revisions\/10418"}],"wp:attachment":[{"href":"https:\/\/taipoks.ee\/en\/wp-json\/wp\/v2\/media?parent=3250"}],"curies":[{"name":"wp","href":"https:\/\/api.w.org\/{rel}","templated":true}]}}