{"id":3445,"date":"2024-04-22T17:41:42","date_gmt":"2024-04-22T17:41:42","guid":{"rendered":"https:\/\/taipoks.ee\/?page_id=3445"},"modified":"2025-08-22T18:50:05","modified_gmt":"2025-08-22T15:50:05","slug":"klubist","status":"publish","type":"page","link":"https:\/\/taipoks.ee\/en\/klubist\/","title":{"rendered":"Club overview"},"content":{"rendered":"<section class=\"bde-section-3445-115 bde-section\">\n              \n  \n  \n\t\n\n  <div class=\"section-background-overlay\"><\/div>\n\n\n<div class=\"section-container\"><div class=\"bde-columns-3445-116 bde-columns\"><div class=\"bde-column-3445-117 bde-column\">\n  \n  \n\t\n\n\n\n<h1 class=\"bde-heading-3445-118 bde-heading\">\nClub overview\n<\/h1>\n<\/div><\/div><\/div>\n<\/section><section class=\"bde-section-3445-100 bde-section\">\n  \n  \n\t\n\n\n\n<div class=\"section-container\"><div class=\"bde-columns-3445-101 bde-columns\"><div class=\"bde-column-3445-102 bde-column\">\n  \n  \n\t\n\n\n\n<div class=\"bde-video-3445-182 bde-video\">\n<div class=\"ee-video-container\">\n            <video class=\"ee-video\" src=\"https:\/\/taipoks.ee\/wp-content\/uploads\/2023\/09\/TP_Baaskursus.mp4\"\n               autoplay='true'                controls='true'                                loop='true'                muted='true'                controlslist=\"nodownload\"                playsinline\n>\n        <\/video>\n    \n    <\/div>\n\n<\/div>\n<\/div><div class=\"bde-column-3445-105 bde-column\">\n  \n  \n\t\n\n\n\n<div class=\"bde-rich-text-3445-109 bde-rich-text breakdance-rich-text-styles\">\n<h3>Our Vision<\/h3>\n<p>We are breaking the myth that it is not possible to safely start or practice full contact martial arts. In the case of full-contact areas, proper physical training and good form are also included, which are an integral part and a great added value to the acquired skills.<\/p>\n<\/div><div class=\"bde-div-3445-110 bde-div\">\n  \n  \n\t\n\n\n\n<div class=\"bde-rich-text-3445-113 bde-rich-text breakdance-rich-text-styles\">\n<h3>Our Mission<\/h3>\n<p>We have make it our heart matter to improve people's physical fitness, courage and self-confidence through martial arts.<br \/>Our children need confidence and courage to grow into healthy adults. Self-confidence can be expressed in many forms, in how I look, whether I am overweight, how I stand, walk and look others in the eye. Martial arts are ideal for cultivating all of this.<\/p>\n<\/div>\n<\/div>\n<\/div><\/div><\/div>\n<\/section><section class=\"bde-section-3445-120 bde-section\">\n  \n  \n\t\n\n\n\n<div class=\"section-container\"><div class=\"bde-columns-3445-121 bde-columns\"><div class=\"bde-column-3445-122 bde-column\">\n  \n  \n\t\n\n\n\n<h2 class=\"bde-heading-3445-125 bde-heading\">\nIntroduction\n<\/h2><div class=\"bde-rich-text-3445-127 bde-rich-text breakdance-rich-text-styles\">\n<p>Kevin Renno Combat Sports Academy (for short as KRVA) is currently the largest and oldest combat sports club operating in Estonia, which grew out of the Tallinn Thai Boxing Club. In addition to thai boxing or muay thai, we expanded to other dueling areas such as BJJ (Brazilian jiu jitsu), boxing, K-1 (kickboxing style) and MMA (mixed martial arts).<\/p>\n<p>Today, our Academy has nearly 700 active members aged 7-60. Thanks to the different styles we cultivate, everyone can find a workout that suits them. Over the years, our academy has produced both European and world champions at the amateur level in thai boxing and kickboxing. In addition, we have brought home significant titles from well-known international organizations at the professional level, such as WPMF, WKA, WFC, WPKA. Our activities are based on the principle that everyone can become a winner in this life with a strong will!<\/p>\n<p>Our goal is not to make every member a competitor, but to offer people the opportunity to develop their body and mind through martial arts. However, it is never too late to start martial arts, our club also has participants in their 60s.<\/p>\n<\/div><h3 class=\"bde-heading-3445-128 bde-heading\">\nHow we train\n<\/h3><div class=\"bde-rich-text-3445-129 bde-rich-text breakdance-rich-text-styles\">\n<p>During training, no one is forced to do something they are not comfortable with, such as full contact sparring or any other contact exercise that some beginners are afraid of at first. Constant movement and strikes with hands, feet, elbows and knees gives the athlete good control over the balance of his body and ensures excellent endurance.<\/p>\n<p>In addition to universal martial arts and effective self-defense, our trainings are also very good sports for improving physical fitness as well as losing weight.<br \/>We have also created a separate training for women (Women's Thai boxing), where there is a female trainer, and in addition to acquiring Thai boxing skills, the training is also aimed at improving physical fitness and muscle tone.<\/p>\n<p>Brazilian Jiu-Jitsu, or BJJ, in addition to Thai boxing, also provides ground fighting experience and good physical endurance at all fighting distances.<\/p>\n<h5>See you in training!<\/h5>\n<\/div>\n<\/div><\/div><\/div>\n<\/section>","protected":false},"excerpt":{"rendered":"<p>Klubist Meie Visioon Murrame m\u00fc\u00fcdi, et t\u00e4iskontaktset v\u00f5itluspordiala pole v\u00f5imalik turvaliselt alustada ega harrastada. T\u00e4iskontaktsete alade puhul kaasneb ka korralik f\u00fc\u00fcsilise treening ja hea vorm, mis on lahutamatu osa ning suur lisav\u00e4\u00e4rtus omandatud oskustele. Meie Mission Oleme oma s\u00fcdame asjaks v\u00f5tnud inimeste f\u00fc\u00fcsilise vormi, julguse ja enesekindluse t\u00f5stmise l\u00e4bi v\u00f5itlusspordi.Meie lapsed vajavad enesekindlust ja julgust, [&hellip;]<\/p>\n","protected":false},"author":1,"featured_media":0,"parent":0,"menu_order":0,"comment_status":"closed","ping_status":"closed","template":"","meta":{"_acf_changed":false,"_breakdance_hide_in_design_set":false,"_breakdance_tags":"","footnotes":""},"class_list":["post-3445","page","type-page","status-publish","hentry"],"acf":[],"_links":{"self":[{"href":"https:\/\/taipoks.ee\/en\/wp-json\/wp\/v2\/pages\/3445","targetHints":{"allow":["GET"]}}],"collection":[{"href":"https:\/\/taipoks.ee\/en\/wp-json\/wp\/v2\/pages"}],"about":[{"href":"https:\/\/taipoks.ee\/en\/wp-json\/wp\/v2\/types\/page"}],"author":[{"embeddable":true,"href":"https:\/\/taipoks.ee\/en\/wp-json\/wp\/v2\/users\/1"}],"replies":[{"embeddable":true,"href":"https:\/\/taipoks.ee\/en\/wp-json\/wp\/v2\/comments?post=3445"}],"version-history":[{"count":74,"href":"https:\/\/taipoks.ee\/en\/wp-json\/wp\/v2\/pages\/3445\/revisions"}],"predecessor-version":[{"id":9169,"href":"https:\/\/taipoks.ee\/en\/wp-json\/wp\/v2\/pages\/3445\/revisions\/9169"}],"wp:attachment":[{"href":"https:\/\/taipoks.ee\/en\/wp-json\/wp\/v2\/media?parent=3445"}],"curies":[{"name":"wp","href":"https:\/\/api.w.org\/{rel}","templated":true}]}}