{"id":3845,"date":"2024-05-06T17:46:58","date_gmt":"2024-05-06T17:46:58","guid":{"rendered":"https:\/\/taipoks.ee\/?page_id=3845"},"modified":"2025-06-28T11:05:39","modified_gmt":"2025-06-28T08:05:39","slug":"nft","status":"publish","type":"page","link":"https:\/\/taipoks.ee\/en\/nft\/","title":{"rendered":"NFT"},"content":{"rendered":"<section class=\"bde-section-3845-134 bde-section\">\n              \n  \n  \n\t\n\n  <div class=\"section-background-overlay\"><\/div>\n\n\n<div class=\"section-container\"><div class=\"bde-columns-3845-135 bde-columns\"><div class=\"bde-column-3845-136 bde-column\">\n  \n  \n\t\n\n\n\n\n<\/div><\/div><\/div>\n<\/section><section class=\"bde-section-3845-138 bde-section\">\n  \n  \n\t\n\n\n\n<div class=\"section-container\"><div class=\"bde-columns-3845-139 bde-columns\"><div class=\"bde-column-3845-140 bde-column\">\n  \n  \n\t\n\n\n\n<div class=\"bde-icon-3845-141 bde-icon\">\n\n    \n            <div class=\"bde-icon-icon breakdance-icon-atom\" >\n    \n                    <svg xmlns=\"http:\/\/www.w3.org\/2000\/svg\" viewbox=\"0 0 640 512\"><!-- Font Awesome Free 5.15.1 by @fontawesome - https:\/\/fontawesome.com License - https:\/\/fontawesome.com\/license\/free (Icons: CC BY 4.0, Fonts: SIL OFL 1.1, Code: MIT License) --><path d=\"M104 96H56c-13.3 0-24 10.7-24 24v104H8c-4.4 0-8 3.6-8 8v48c0 4.4 3.6 8 8 8h24v104c0 13.3 10.7 24 24 24h48c13.3 0 24-10.7 24-24V120c0-13.3-10.7-24-24-24zm528 128h-24V120c0-13.3-10.7-24-24-24h-48c-13.3 0-24 10.7-24 24v272c0 13.3 10.7 24 24 24h48c13.3 0 24-10.7 24-24V288h24c4.4 0 8-3.6 8-8v-48c0-4.4-3.6-8-8-8zM456 32h-48c-13.3 0-24 10.7-24 24v168H256V56c0-13.3-10.7-24-24-24h-48c-13.3 0-24 10.7-24 24v400c0 13.3 10.7 24 24 24h48c13.3 0 24-10.7 24-24V288h128v168c0 13.3 10.7 24 24 24h48c13.3 0 24-10.7 24-24V56c0-13.3-10.7-24-24-24z\"\/><\/svg>\n        \n        \n        \n            <\/div>\n    \n\n\n<\/div><h4 class=\"bde-heading-3845-142 bde-heading\">\ngood physical shape\n<\/h4>\n<\/div><div class=\"bde-column-3845-143 bde-column\">\n  \n  \n\t\n\n\n\n<div class=\"bde-icon-3845-144 bde-icon\">\n\n    \n            <div class=\"bde-icon-icon breakdance-icon-atom\" >\n    \n                    <svg xmlns=\"http:\/\/www.w3.org\/2000\/svg\" viewbox=\"0 0 416 512\"><!-- Font Awesome Free 5.15.1 by @fontawesome - https:\/\/fontawesome.com License - https:\/\/fontawesome.com\/license\/free (Icons: CC BY 4.0, Fonts: SIL OFL 1.1, Code: MIT License) --><path d=\"M272 96c26.51 0 48-21.49 48-48S298.51 0 272 0s-48 21.49-48 48 21.49 48 48 48zM113.69 317.47l-14.8 34.52H32c-17.67 0-32 14.33-32 32s14.33 32 32 32h77.45c19.25 0 36.58-11.44 44.11-29.09l8.79-20.52-10.67-6.3c-17.32-10.23-30.06-25.37-37.99-42.61zM384 223.99h-44.03l-26.06-53.25c-12.5-25.55-35.45-44.23-61.78-50.94l-71.08-21.14c-28.3-6.8-57.77-.55-80.84 17.14l-39.67 30.41c-14.03 10.75-16.69 30.83-5.92 44.86s30.84 16.66 44.86 5.92l39.69-30.41c7.67-5.89 17.44-8 25.27-6.14l14.7 4.37-37.46 87.39c-12.62 29.48-1.31 64.01 26.3 80.31l84.98 50.17-27.47 87.73c-5.28 16.86 4.11 34.81 20.97 40.09 3.19 1 6.41 1.48 9.58 1.48 13.61 0 26.23-8.77 30.52-22.45l31.64-101.06c5.91-20.77-2.89-43.08-21.64-54.39l-61.24-36.14 31.31-78.28 20.27 41.43c8 16.34 24.92 26.89 43.11 26.89H384c17.67 0 32-14.33 32-32s-14.33-31.99-32-31.99z\"\/><\/svg>\n        \n        \n        \n            <\/div>\n    \n\n\n<\/div><h4 class=\"bde-heading-3845-145 bde-heading\">\nintense fat burning\n<\/h4>\n<\/div><div class=\"bde-column-3845-146 bde-column\">\n  \n  \n\t\n\n\n\n<div class=\"bde-icon-3845-147 bde-icon\">\n\n    \n            <div class=\"bde-icon-icon breakdance-icon-atom\" >\n    \n                    <svg xmlns=\"http:\/\/www.w3.org\/2000\/svg\" viewbox=\"0 0 448 512\"><!-- Font Awesome Free 5.15.1 by @fontawesome - https:\/\/fontawesome.com License - https:\/\/fontawesome.com\/license\/free (Icons: CC BY 4.0, Fonts: SIL OFL 1.1, Code: MIT License) --><path d=\"M325.4 289.2L224 390.6 122.6 289.2C54 295.3 0 352.2 0 422.4V464c0 26.5 21.5 48 48 48h352c26.5 0 48-21.5 48-48v-41.6c0-70.2-54-127.1-122.6-133.2zM32 192c27.3 0 51.8-11.5 69.2-29.7 15.1 53.9 64 93.7 122.8 93.7 70.7 0 128-57.3 128-128S294.7 0 224 0c-50.4 0-93.6 29.4-114.5 71.8C92.1 47.8 64 32 32 32c0 33.4 17.1 62.8 43.1 80-26 17.2-43.1 46.6-43.1 80zm144-96h96c17.7 0 32 14.3 32 32H144c0-17.7 14.3-32 32-32z\"\/><\/svg>\n        \n        \n        \n            <\/div>\n    \n\n\n<\/div><h4 class=\"bde-heading-3845-148 bde-heading\">\nincreases self-confidence\n<\/h4>\n<\/div><div class=\"bde-column-3845-149 bde-column\">\n  \n  \n\t\n\n\n\n<div class=\"bde-icon-3845-150 bde-icon\">\n\n    \n            <div class=\"bde-icon-icon breakdance-icon-atom\" >\n    \n                    <svg xmlns=\"http:\/\/www.w3.org\/2000\/svg\" viewbox=\"0 0 256 512\"><!-- Font Awesome Free 5.15.1 by @fontawesome - https:\/\/fontawesome.com License - https:\/\/fontawesome.com\/license\/free (Icons: CC BY 4.0, Fonts: SIL OFL 1.1, Code: MIT License) --><path d=\"M128 0c35.346 0 64 28.654 64 64s-28.654 64-64 64c-35.346 0-64-28.654-64-64S92.654 0 128 0m119.283 354.179l-48-192A24 24 0 0 0 176 144h-11.36c-22.711 10.443-49.59 10.894-73.28 0H80a24 24 0 0 0-23.283 18.179l-48 192C4.935 369.305 16.383 384 32 384h56v104c0 13.255 10.745 24 24 24h32c13.255 0 24-10.745 24-24V384h56c15.591 0 27.071-14.671 23.283-29.821z\"\/><\/svg>\n        \n        \n        \n            <\/div>\n    \n\n\n<\/div><h4 class=\"bde-heading-3845-151 bde-heading\">\nmade for women\n<\/h4>\n<\/div><\/div><\/div>\n<\/section><section class=\"bde-section-3845-152 bde-section\">\n  \n  \n\t\n\n\n\n<div class=\"section-container\"><div class=\"bde-columns-3845-153 bde-columns\"><div class=\"bde-column-3845-154 bde-column\">\n  \n  \n\t\n\n\n\n<div class=\"bde-image-3845-155 bde-image\">\n<figure class=\"breakdance-image breakdance-image--6393\">\n\t<div class=\"breakdance-image-container\">\n\t\t<div class=\"breakdance-image-clip\"><img loading=\"lazy\" decoding=\"async\" class=\"breakdance-image-object\" src=\"https:\/\/taipoks.ee\/wp-content\/uploads\/2024\/08\/maarjajaasrtid.jpg\" width=\"1102\" height=\"660\" srcset=\"https:\/\/taipoks.ee\/wp-content\/uploads\/2024\/08\/maarjajaasrtid.jpg 1102w, https:\/\/taipoks.ee\/wp-content\/uploads\/2024\/08\/maarjajaasrtid-300x180.jpg 300w, https:\/\/taipoks.ee\/wp-content\/uploads\/2024\/08\/maarjajaasrtid-1024x613.jpg 1024w, https:\/\/taipoks.ee\/wp-content\/uploads\/2024\/08\/maarjajaasrtid-768x460.jpg 768w, https:\/\/taipoks.ee\/wp-content\/uploads\/2024\/08\/maarjajaasrtid-600x359.jpg 600w\" sizes=\"auto, (max-width: 1102px) 100vw, 1102px\"><\/div>\n\t<\/div><\/figure>\n\n<\/div><div class=\"bde-image-3845-177 bde-image\">\n<figure class=\"breakdance-image breakdance-image--6397\">\n\t<div class=\"breakdance-image-container\">\n\t\t<div class=\"breakdance-image-clip\"><img loading=\"lazy\" decoding=\"async\" class=\"breakdance-image-object\" src=\"https:\/\/taipoks.ee\/wp-content\/uploads\/2024\/08\/astrtidjamaarjamob2.jpg\" width=\"480\" height=\"600\" srcset=\"https:\/\/taipoks.ee\/wp-content\/uploads\/2024\/08\/astrtidjamaarjamob2.jpg 480w, https:\/\/taipoks.ee\/wp-content\/uploads\/2024\/08\/astrtidjamaarjamob2-240x300.jpg 240w\" sizes=\"auto, (max-width: 480px) 100vw, 480px\"><\/div>\n\t<\/div><\/figure>\n\n<\/div><div class=\"bde-fancy-divider-3845-158 bde-fancy-divider\">\n\n\n<div class=\"bde-fancy-divider__wrapper\">\n  <div class=\"bde-fancy-divider__separator has-content has-content-flex-start\">\n  \t    \t    \t    \t\t\t    \t\t<div class=\"bde-fancy-divider__content bde-fancy-divider__content--icon\"><svg xmlns=\"http:\/\/www.w3.org\/2000\/svg\" viewbox=\"0 0 512 512\"><!-- Font Awesome Free 5.15.1 by @fontawesome - https:\/\/fontawesome.com License - https:\/\/fontawesome.com\/license\/free (Icons: CC BY 4.0, Fonts: SIL OFL 1.1, Code: MIT License) --><path d=\"M256 8C119.033 8 8 119.033 8 256s111.033 248 248 248 248-111.033 248-248S392.967 8 256 8zm80 248c0 44.112-35.888 80-80 80s-80-35.888-80-80 35.888-80 80-80 80 35.888 80 80z\"\/><\/svg><\/div>\n    \t                  <\/div>\n<\/div>\n\n<\/div><div class=\"bde-rich-text-3845-159 bde-rich-text breakdance-rich-text-styles\">\n<p>Women's Thai boxing, is a workout created just for women. The goal of the training is to provide an intensive workout for the delicate intestine through the versatile techniques of Thai boxing. The training is conducted by a female trainer, and in addition to the acquisition of Thai boxing skills, the training is also aimed at improving physical fitness and muscle tone. This type of training is a good change from classic aerobics and gym training, because the training is creative and the exercises are constantly changing, and there is always something new to learn, which does not make the training monotonous and boring!<\/p>\n<\/div><div class=\"bde-fancy-divider-3845-172 bde-fancy-divider\">\n\n\n<div class=\"bde-fancy-divider__wrapper\">\n  <div class=\"bde-fancy-divider__separator has-content has-content-flex-start\">\n  \t    \t    \t    \t\t\t    \t\t<div class=\"bde-fancy-divider__content bde-fancy-divider__content--icon\"><svg xmlns=\"http:\/\/www.w3.org\/2000\/svg\" viewbox=\"0 0 512 512\"><!-- Font Awesome Free 5.15.1 by @fontawesome - https:\/\/fontawesome.com License - https:\/\/fontawesome.com\/license\/free (Icons: CC BY 4.0, Fonts: SIL OFL 1.1, Code: MIT License) --><path d=\"M256 8C119.033 8 8 119.033 8 256s111.033 248 248 248 248-111.033 248-248S392.967 8 256 8zm80 248c0 44.112-35.888 80-80 80s-80-35.888-80-80 35.888-80 80-80 80 35.888 80 80z\"\/><\/svg><\/div>\n    \t                  <\/div>\n<\/div>\n\n<\/div><div class=\"bde-rich-text-3845-173 bde-rich-text breakdance-rich-text-styles\">\n<p><strong>Additional values:<\/strong><br \/>+ self-defense skills<br \/>+ fat burning<br \/>+ development of muscle lines<br \/>+ versatile training<br \/>+ good durability<\/p>\n<\/div><h3 class=\"bde-heading-3845-160 bde-heading\">\nWho and where can practice women Thai boxing?\n<\/h3><div class=\"bde-rich-text-3845-161 bde-rich-text breakdance-rich-text-styles\">\n<p>\u2022 Suitable for women and girls starting at 13 years. Previous fitness is not important.<br \/>\u2022 Training takes place in all three of our locations <strong><a href=\"https:\/\/taipoks.ee\/en\/kristiineasukoht\/\">KRISTIINE<\/a><\/strong>, <strong><a href=\"https:\/\/taipoks.ee\/en\/haaberstiasukoht\/\">HAABERSTI<\/a><\/strong>, <strong><a href=\"https:\/\/taipoks.ee\/en\/t1keskusasukoht\/\">T1 CENTER<\/a><\/strong><br \/>\u2022 We welcome beginners <strong><a href=\"https:\/\/taipoks.ee\/en\/baaskursused\/\">FOR BASIC COURSES<\/a><\/strong> <br \/>\u2022 We accept those who already have experience to join on an ongoing basis, for this see the lesson plans or <strong><a href=\"https:\/\/taipoks.ee\/en\/leiatreening\/\">FIND A TRAINING<\/a><\/strong><\/p>\n<\/div>\n<\/div><div class=\"bde-column-3845-163 bde-column\">\n  \n  \n\t\n\n\n\n<div class=\"bde-div-3845-164 bde-div\">\n  \n  \n\t\n\n\n\n<div class=\"bde-video-3845-165 bde-video\">\n<div class=\"ee-video-container\">\n            <video class=\"ee-video\" src=\"https:\/\/taipoks.ee\/wp-content\/uploads\/2024\/05\/TP_Naistefitness.mp4\"\n               autoplay='true'                controls='true'                                loop='true'                muted='true'                controlslist=\"nodownload\"                playsinline\n>\n        <\/video>\n    \n    <\/div>\n\n<\/div>\n<\/div><div class=\"bde-div-3845-166 bde-div\">\n  \n  \n\t\n\n\n\n<h3 class=\"bde-heading-3845-167 bde-heading\">\nLocations\n<\/h3><div class=\"bde-fancy-divider-3845-168 bde-fancy-divider\">\n\n\n<div class=\"bde-fancy-divider__wrapper\">\n  <div class=\"bde-fancy-divider__separator has-content has-content-flex-start\">\n  \t    \t    \t    \t\t\t    \t\t<div class=\"bde-fancy-divider__content bde-fancy-divider__content--icon\"><svg xmlns=\"http:\/\/www.w3.org\/2000\/svg\" viewbox=\"0 0 512 512\"><!-- Font Awesome Free 5.15.1 by @fontawesome - https:\/\/fontawesome.com License - https:\/\/fontawesome.com\/license\/free (Icons: CC BY 4.0, Fonts: SIL OFL 1.1, Code: MIT License) --><path d=\"M256 8C119.033 8 8 119.033 8 256s111.033 248 248 248 248-111.033 248-248S392.967 8 256 8zm80 248c0 44.112-35.888 80-80 80s-80-35.888-80-80 35.888-80 80-80 80 35.888 80 80z\"\/><\/svg><\/div>\n    \t                  <\/div>\n<\/div>\n\n<\/div><div class=\"bde-button-3845-174 bde-button\">\n    \n                        \n                        \n    \n    \n    \n    \n            \n                    \n            \n            \n\n    \n    \n    \n    \n    \n    <a class=\"breakdance-link button-atom button-atom--custom bde-button__button\" href=\"https:\/\/taipoks.ee\/en\/kristiineasukoht\/\" target=\"_self\" data-type=\"url\"  >\n\n    \n        <span class=\"button-atom__text\">KRISTIINE<\/span>\n\n        \n        \n                <\/a>\n\n    \n\n\n<\/div><div class=\"bde-button-3845-175 bde-button\">\n    \n                        \n                        \n    \n    \n    \n    \n            \n                    \n            \n            \n\n    \n    \n    \n    \n    \n    <a class=\"breakdance-link button-atom button-atom--custom bde-button__button\" href=\"https:\/\/taipoks.ee\/en\/haaberstiasukoht\/\" target=\"_self\" data-type=\"url\"  >\n\n    \n        <span class=\"button-atom__text\">HAABERSTI<\/span>\n\n        \n        \n                <\/a>\n\n    \n\n\n<\/div><div class=\"bde-button-3845-176 bde-button\">\n    \n                        \n                        \n    \n    \n    \n    \n            \n                    \n            \n            \n\n    \n    \n    \n    \n    \n    <a class=\"breakdance-link button-atom button-atom--custom bde-button__button\" href=\"https:\/\/taipoks.ee\/en\/t1keskusasukoht\/\" target=\"_self\" data-type=\"url\"  >\n\n    \n        <span class=\"button-atom__text\">T1 CENTER<\/span>\n\n        \n        \n                <\/a>\n\n    \n\n\n<\/div>\n<\/div>\n<\/div><\/div><\/div>\n<\/section>","protected":false},"excerpt":{"rendered":"<p>hea f\u00fc\u00fcsiline vorm intensiivne rasvap\u00f5letus t\u00f5stab enesekindlust loodud naistele NT ehk naiste taipoks on ainult naistele loodud treening. Treeningu eesm\u00e4rk on pakkuda \u00f5rnemale soole intensiivset treeningut l\u00e4bi taipoksi mitmek\u00fclgsete tehnikate. Treeningut viib l\u00e4bi nais treener ja lisaks taipoksi oskuste omandamisele on treening suunatud paljuski ka f\u00fc\u00fcsilise vormi ja lihastoonuse parandamisele. Selline treening on hea vaheldus [&hellip;]<\/p>\n","protected":false},"author":1,"featured_media":0,"parent":0,"menu_order":0,"comment_status":"closed","ping_status":"closed","template":"","meta":{"_acf_changed":false,"_breakdance_hide_in_design_set":false,"_breakdance_tags":"","footnotes":""},"class_list":["post-3845","page","type-page","status-publish","hentry"],"acf":[],"_links":{"self":[{"href":"https:\/\/taipoks.ee\/en\/wp-json\/wp\/v2\/pages\/3845","targetHints":{"allow":["GET"]}}],"collection":[{"href":"https:\/\/taipoks.ee\/en\/wp-json\/wp\/v2\/pages"}],"about":[{"href":"https:\/\/taipoks.ee\/en\/wp-json\/wp\/v2\/types\/page"}],"author":[{"embeddable":true,"href":"https:\/\/taipoks.ee\/en\/wp-json\/wp\/v2\/users\/1"}],"replies":[{"embeddable":true,"href":"https:\/\/taipoks.ee\/en\/wp-json\/wp\/v2\/comments?post=3845"}],"version-history":[{"count":66,"href":"https:\/\/taipoks.ee\/en\/wp-json\/wp\/v2\/pages\/3845\/revisions"}],"predecessor-version":[{"id":8810,"href":"https:\/\/taipoks.ee\/en\/wp-json\/wp\/v2\/pages\/3845\/revisions\/8810"}],"wp:attachment":[{"href":"https:\/\/taipoks.ee\/en\/wp-json\/wp\/v2\/media?parent=3845"}],"curies":[{"name":"wp","href":"https:\/\/api.w.org\/{rel}","templated":true}]}}