{"id":3851,"date":"2024-05-06T18:57:38","date_gmt":"2024-05-06T18:57:38","guid":{"rendered":"https:\/\/taipoks.ee\/?page_id=3851"},"modified":"2024-09-26T08:59:24","modified_gmt":"2024-09-26T05:59:24","slug":"bjj","status":"publish","type":"page","link":"https:\/\/taipoks.ee\/en\/bjj\/","title":{"rendered":"BJJ"},"content":{"rendered":"<section class=\"bde-section-3851-100 bde-section\">\n              \n  \n  \n\t\n\n  <div class=\"section-background-overlay\"><\/div>\n\n\n<div class=\"section-container\"><div class=\"bde-columns-3851-101 bde-columns\"><div class=\"bde-column-3851-102 bde-column\">\n  \n  \n\t\n\n\n\n<h1 class=\"bde-heading-3851-103 bde-heading\">\nBrazilian Jiu-Jitsu (BJJ)\n<\/h1>\n<\/div><\/div><\/div>\n<\/section><section class=\"bde-section-3851-104 bde-section\">\n  \n  \n\t\n\n\n\n<div class=\"section-container\"><div class=\"bde-columns-3851-105 bde-columns\"><div class=\"bde-column-3851-106 bde-column\">\n  \n  \n\t\n\n\n\n<div class=\"bde-icon-3851-107 bde-icon\">\n\n    \n            <div class=\"bde-icon-icon breakdance-icon-atom\" >\n    \n                    <svg xmlns=\"http:\/\/www.w3.org\/2000\/svg\" viewbox=\"0 0 640 512\"><!-- Font Awesome Free 5.15.1 by @fontawesome - https:\/\/fontawesome.com License - https:\/\/fontawesome.com\/license\/free (Icons: CC BY 4.0, Fonts: SIL OFL 1.1, Code: MIT License) --><path d=\"M104 96H56c-13.3 0-24 10.7-24 24v104H8c-4.4 0-8 3.6-8 8v48c0 4.4 3.6 8 8 8h24v104c0 13.3 10.7 24 24 24h48c13.3 0 24-10.7 24-24V120c0-13.3-10.7-24-24-24zm528 128h-24V120c0-13.3-10.7-24-24-24h-48c-13.3 0-24 10.7-24 24v272c0 13.3 10.7 24 24 24h48c13.3 0 24-10.7 24-24V288h24c4.4 0 8-3.6 8-8v-48c0-4.4-3.6-8-8-8zM456 32h-48c-13.3 0-24 10.7-24 24v168H256V56c0-13.3-10.7-24-24-24h-48c-13.3 0-24 10.7-24 24v400c0 13.3 10.7 24 24 24h48c13.3 0 24-10.7 24-24V288h128v168c0 13.3 10.7 24 24 24h48c13.3 0 24-10.7 24-24V56c0-13.3-10.7-24-24-24z\"\/><\/svg>\n        \n        \n        \n            <\/div>\n    \n\n\n<\/div><h4 class=\"bde-heading-3851-108 bde-heading\">\ngood physical shape\n<\/h4>\n<\/div><div class=\"bde-column-3851-109 bde-column\">\n  \n  \n\t\n\n\n\n<div class=\"bde-icon-3851-110 bde-icon\">\n\n    \n            <div class=\"bde-icon-icon breakdance-icon-atom\" >\n    \n                    <svg xmlns=\"http:\/\/www.w3.org\/2000\/svg\" viewbox=\"0 0 416 512\"><!-- Font Awesome Free 5.15.1 by @fontawesome - https:\/\/fontawesome.com License - https:\/\/fontawesome.com\/license\/free (Icons: CC BY 4.0, Fonts: SIL OFL 1.1, Code: MIT License) --><path d=\"M272 96c26.51 0 48-21.49 48-48S298.51 0 272 0s-48 21.49-48 48 21.49 48 48 48zM113.69 317.47l-14.8 34.52H32c-17.67 0-32 14.33-32 32s14.33 32 32 32h77.45c19.25 0 36.58-11.44 44.11-29.09l8.79-20.52-10.67-6.3c-17.32-10.23-30.06-25.37-37.99-42.61zM384 223.99h-44.03l-26.06-53.25c-12.5-25.55-35.45-44.23-61.78-50.94l-71.08-21.14c-28.3-6.8-57.77-.55-80.84 17.14l-39.67 30.41c-14.03 10.75-16.69 30.83-5.92 44.86s30.84 16.66 44.86 5.92l39.69-30.41c7.67-5.89 17.44-8 25.27-6.14l14.7 4.37-37.46 87.39c-12.62 29.48-1.31 64.01 26.3 80.31l84.98 50.17-27.47 87.73c-5.28 16.86 4.11 34.81 20.97 40.09 3.19 1 6.41 1.48 9.58 1.48 13.61 0 26.23-8.77 30.52-22.45l31.64-101.06c5.91-20.77-2.89-43.08-21.64-54.39l-61.24-36.14 31.31-78.28 20.27 41.43c8 16.34 24.92 26.89 43.11 26.89H384c17.67 0 32-14.33 32-32s-14.33-31.99-32-31.99z\"\/><\/svg>\n        \n        \n        \n            <\/div>\n    \n\n\n<\/div><h4 class=\"bde-heading-3851-111 bde-heading\">\nGood mobility\n<\/h4>\n<\/div><div class=\"bde-column-3851-112 bde-column\">\n  \n  \n\t\n\n\n\n<div class=\"bde-icon-3851-113 bde-icon\">\n\n    \n            <div class=\"bde-icon-icon breakdance-icon-atom\" >\n    \n                    <svg xmlns=\"http:\/\/www.w3.org\/2000\/svg\" viewbox=\"0 0 448 512\"><!-- Font Awesome Free 5.15.1 by @fontawesome - https:\/\/fontawesome.com License - https:\/\/fontawesome.com\/license\/free (Icons: CC BY 4.0, Fonts: SIL OFL 1.1, Code: MIT License) --><path d=\"M325.4 289.2L224 390.6 122.6 289.2C54 295.3 0 352.2 0 422.4V464c0 26.5 21.5 48 48 48h352c26.5 0 48-21.5 48-48v-41.6c0-70.2-54-127.1-122.6-133.2zM32 192c27.3 0 51.8-11.5 69.2-29.7 15.1 53.9 64 93.7 122.8 93.7 70.7 0 128-57.3 128-128S294.7 0 224 0c-50.4 0-93.6 29.4-114.5 71.8C92.1 47.8 64 32 32 32c0 33.4 17.1 62.8 43.1 80-26 17.2-43.1 46.6-43.1 80zm144-96h96c17.7 0 32 14.3 32 32H144c0-17.7 14.3-32 32-32z\"\/><\/svg>\n        \n        \n        \n            <\/div>\n    \n\n\n<\/div><h4 class=\"bde-heading-3851-114 bde-heading\">\nincreases self-confidence\n<\/h4>\n<\/div><div class=\"bde-column-3851-115 bde-column\">\n  \n  \n\t\n\n\n\n<div class=\"bde-icon-3851-116 bde-icon\">\n\n    \n            <div class=\"bde-icon-icon breakdance-icon-atom\" >\n    \n                    <svg xmlns=\"http:\/\/www.w3.org\/2000\/svg\" viewbox=\"0 0 640 512\"><!-- Font Awesome Free 5.15.1 by @fontawesome - https:\/\/fontawesome.com License - https:\/\/fontawesome.com\/license\/free (Icons: CC BY 4.0, Fonts: SIL OFL 1.1, Code: MIT License) --><path d=\"M96 224c35.3 0 64-28.7 64-64s-28.7-64-64-64-64 28.7-64 64 28.7 64 64 64zm448 0c35.3 0 64-28.7 64-64s-28.7-64-64-64-64 28.7-64 64 28.7 64 64 64zm32 32h-64c-17.6 0-33.5 7.1-45.1 18.6 40.3 22.1 68.9 62 75.1 109.4h66c17.7 0 32-14.3 32-32v-32c0-35.3-28.7-64-64-64zm-256 0c61.9 0 112-50.1 112-112S381.9 32 320 32 208 82.1 208 144s50.1 112 112 112zm76.8 32h-8.3c-20.8 10-43.9 16-68.5 16s-47.6-6-68.5-16h-8.3C179.6 288 128 339.6 128 403.2V432c0 26.5 21.5 48 48 48h288c26.5 0 48-21.5 48-48v-28.8c0-63.6-51.6-115.2-115.2-115.2zm-223.7-13.4C161.5 263.1 145.6 256 128 256H64c-35.3 0-64 28.7-64 64v32c0 17.7 14.3 32 32 32h65.9c6.3-47.4 34.9-87.3 75.2-109.4z\"\/><\/svg>\n        \n        \n        \n            <\/div>\n    \n\n\n<\/div><h4 class=\"bde-heading-3851-117 bde-heading\">\nsuitable for everyone\n<\/h4>\n<\/div><\/div><\/div>\n<\/section><section class=\"bde-section-3851-118 bde-section\">\n  \n  \n\t\n\n\n\n<div class=\"section-container\"><div class=\"bde-columns-3851-119 bde-columns\"><div class=\"bde-column-3851-120 bde-column\">\n  \n  \n\t\n\n\n\n<div class=\"bde-image-3851-121 bde-image\">\n<figure class=\"breakdance-image breakdance-image--6402\">\n\t<div class=\"breakdance-image-container\">\n\t\t<div class=\"breakdance-image-clip\"><img loading=\"lazy\" decoding=\"async\" class=\"breakdance-image-object\" src=\"https:\/\/taipoks.ee\/wp-content\/uploads\/2024\/08\/bjj1.jpg\" width=\"1100\" height=\"733\" srcset=\"https:\/\/taipoks.ee\/wp-content\/uploads\/2024\/08\/bjj1.jpg 1100w, https:\/\/taipoks.ee\/wp-content\/uploads\/2024\/08\/bjj1-300x200.jpg 300w, https:\/\/taipoks.ee\/wp-content\/uploads\/2024\/08\/bjj1-1024x682.jpg 1024w, https:\/\/taipoks.ee\/wp-content\/uploads\/2024\/08\/bjj1-768x512.jpg 768w, https:\/\/taipoks.ee\/wp-content\/uploads\/2024\/08\/bjj1-600x400.jpg 600w\" sizes=\"auto, (max-width: 1100px) 100vw, 1100px\"><\/div>\n\t<\/div><\/figure>\n\n<\/div><div class=\"bde-image-3851-140 bde-image\">\n<figure class=\"breakdance-image breakdance-image--6409\">\n\t<div class=\"breakdance-image-container\">\n\t\t<div class=\"breakdance-image-clip\"><img loading=\"lazy\" decoding=\"async\" class=\"breakdance-image-object\" src=\"https:\/\/taipoks.ee\/wp-content\/uploads\/2024\/08\/bjj1mob.jpg\" width=\"569\" height=\"733\" srcset=\"https:\/\/taipoks.ee\/wp-content\/uploads\/2024\/08\/bjj1mob.jpg 569w, https:\/\/taipoks.ee\/wp-content\/uploads\/2024\/08\/bjj1mob-233x300.jpg 233w\" sizes=\"auto, (max-width: 569px) 100vw, 569px\"><\/div>\n\t<\/div><\/figure>\n\n<\/div><div class=\"bde-fancy-divider-3851-124 bde-fancy-divider\">\n\n\n<div class=\"bde-fancy-divider__wrapper\">\n  <div class=\"bde-fancy-divider__separator has-content has-content-flex-start\">\n  \t    \t    \t    \t\t\t    \t\t<div class=\"bde-fancy-divider__content bde-fancy-divider__content--icon\"><svg xmlns=\"http:\/\/www.w3.org\/2000\/svg\" viewbox=\"0 0 512 512\"><!-- Font Awesome Free 5.15.1 by @fontawesome - https:\/\/fontawesome.com License - https:\/\/fontawesome.com\/license\/free (Icons: CC BY 4.0, Fonts: SIL OFL 1.1, Code: MIT License) --><path d=\"M256 8C119.033 8 8 119.033 8 256s111.033 248 248 248 248-111.033 248-248S392.967 8 256 8zm80 248c0 44.112-35.888 80-80 80s-80-35.888-80-80 35.888-80 80-80 80 35.888 80 80z\"\/><\/svg><\/div>\n    \t                  <\/div>\n<\/div>\n\n<\/div><div class=\"bde-rich-text-3851-125 bde-rich-text breakdance-rich-text-styles\">\n<p>Brazilian Jiu-Jitsu is a dueling discipline that focuses on a variety of grappling and especially ground fighting. The main emphasis is on achieving a dominant or advantageous position in the fight, which would allow effective control of the opponent and defeating the opponent with joint locks (arm, shoulder, leg, etc.) or chokes.<\/p>\n<p>Our BJJ training is collaborative\u00a0<strong><a href=\"https:\/\/www.bttestonia.ee\/et\/\" rel=\"noopener\">with Brazilian Top Team Estonia (BTT)<\/a><\/strong>. BTT is a Brazilian Jiu-Jitsu and MMA team highly recognized in the world of combat sports. <a href=\"https:\/\/www.braziliantopteam.net\/\" rel=\"noopener\">BTT or Brazilian Top Team<\/a>\u00a0is created by the UFC champion\u00a0<a href=\"https:\/\/www.bjjheroes.com\/bjj-fighters\/murilo-bustamante\" rel=\"noopener\">Murilo Bustamante<\/a>\u00a0by in 2000, who also went to Estonia in 2019 to open the Estonian representative office and is also the Brazilian head coach of our BJJ\u00a0<a href=\"https:\/\/www.bttestonia.ee\/et\/\" data-type=\"page\" data-id=\"358\" rel=\"noopener\">Sergio de A Cabral<\/a>\u00a0coach and mentor.<\/p>\n<\/div><div class=\"bde-fancy-divider-3851-138 bde-fancy-divider\">\n\n\n<div class=\"bde-fancy-divider__wrapper\">\n  <div class=\"bde-fancy-divider__separator has-content has-content-flex-start\">\n  \t    \t    \t    \t\t\t    \t\t<div class=\"bde-fancy-divider__content bde-fancy-divider__content--icon\"><svg xmlns=\"http:\/\/www.w3.org\/2000\/svg\" viewbox=\"0 0 512 512\"><!-- Font Awesome Free 5.15.1 by @fontawesome - https:\/\/fontawesome.com License - https:\/\/fontawesome.com\/license\/free (Icons: CC BY 4.0, Fonts: SIL OFL 1.1, Code: MIT License) --><path d=\"M256 8C119.033 8 8 119.033 8 256s111.033 248 248 248 248-111.033 248-248S392.967 8 256 8zm80 248c0 44.112-35.888 80-80 80s-80-35.888-80-80 35.888-80 80-80 80 35.888 80 80z\"\/><\/svg><\/div>\n    \t                  <\/div>\n<\/div>\n\n<\/div><div class=\"bde-rich-text-3851-139 bde-rich-text breakdance-rich-text-styles\">\n<p><strong>Additional values:<\/strong><br \/>+ technical rather than physically difficult fighting style<br \/>+ suitable for everyone<br \/>+ effective self-defense against bigger and heavier than you!<br \/>+ versatile and interesting exercises<\/p>\n<\/div><h3 class=\"bde-heading-3851-126 bde-heading\">\nWho and where can practice BJJ?\n<\/h3><div class=\"bde-rich-text-3851-127 bde-rich-text breakdance-rich-text-styles\">\n<ul>\n<li>Suitable for both genders starting at 5 years. Previous fitness is not important.\u00a0<\/li>\n<li>Trainings are taking place in\u00a0<strong><a href=\"https:\/\/taipoks.ee\/en\/kristiine\/\">KRISTIINE<\/a><\/strong>\u00a0location<\/li>\n<li>We accept beginner children (6-9 years old) and teenagers (10-15 years old) on an ongoing basis, see <strong><a href=\"https:\/\/taipoks.ee\/en\/kristiinetunniplaan\/\">LESSON PLAN<\/a><\/strong> or <a href=\"https:\/\/taipoks.ee\/en\/leiatreening\/\"><strong>FIND A TRAINING<\/strong><\/a> and adults (16+) <strong><a href=\"https:\/\/taipoks.ee\/en\/baaskursused\/\">FOR BASIC COURSES<\/a><\/strong><\/li>\n<li>We accept already experienced adults (16+) on an ongoing basis<\/li>\n<\/ul>\n<\/div>\n<\/div><div class=\"bde-column-3851-129 bde-column\">\n  \n  \n\t\n\n\n\n<div class=\"bde-div-3851-130 bde-div\">\n  \n  \n\t\n\n\n\n<div class=\"bde-video-3851-131 bde-video\">\n<div class=\"ee-video-container\">\n            <video class=\"ee-video\" src=\"https:\/\/taipoks.ee\/wp-content\/uploads\/2024\/05\/BJJ_Pohigrupp.mp4\"\n               autoplay='true'                controls='true'                                loop='true'                muted='true'                controlslist=\"nodownload\"                playsinline\n>\n        <\/video>\n    \n    <\/div>\n\n<\/div>\n<\/div><div class=\"bde-div-3851-132 bde-div\">\n  \n  \n\t\n\n\n\n<h3 class=\"bde-heading-3851-133 bde-heading\">\nLocations\n<\/h3><div class=\"bde-fancy-divider-3851-134 bde-fancy-divider\">\n\n\n<div class=\"bde-fancy-divider__wrapper\">\n  <div class=\"bde-fancy-divider__separator has-content has-content-flex-start\">\n  \t    \t    \t    \t\t\t    \t\t<div class=\"bde-fancy-divider__content bde-fancy-divider__content--icon\"><svg xmlns=\"http:\/\/www.w3.org\/2000\/svg\" viewbox=\"0 0 512 512\"><!-- Font Awesome Free 5.15.1 by @fontawesome - https:\/\/fontawesome.com License - https:\/\/fontawesome.com\/license\/free (Icons: CC BY 4.0, Fonts: SIL OFL 1.1, Code: MIT License) --><path d=\"M256 8C119.033 8 8 119.033 8 256s111.033 248 248 248 248-111.033 248-248S392.967 8 256 8zm80 248c0 44.112-35.888 80-80 80s-80-35.888-80-80 35.888-80 80-80 80 35.888 80 80z\"\/><\/svg><\/div>\n    \t                  <\/div>\n<\/div>\n\n<\/div><div class=\"bde-button-3851-135 bde-button\">\n    \n                        \n                        \n    \n    \n    \n    \n            \n                    \n            \n            \n\n    \n    \n    \n    \n    \n    <a class=\"breakdance-link button-atom button-atom--custom bde-button__button\" href=\"https:\/\/taipoks.ee\/en\/kristiineasukoht\/\" target=\"_self\" data-type=\"url\">\n\n    \n        <span class=\"button-atom__text\">KRISTIINE<\/span>\n\n        \n        \n                <\/a>\n\n    \n\n\n<\/div>\n<\/div>\n<\/div><\/div><\/div>\n<\/section>","protected":false},"excerpt":{"rendered":"<p>Brasiilia Jiu-Jitsu (BJJ) hea f\u00fc\u00fcsiline vorm Hea liikuvus t\u00f5stab enesekindlust sobib k\u00f5igile Brasiilia Jiu-Jitsu on kahev\u00f5itluse ala, mis keskendub mitmekesisele maadlusele ning eelk\u00f5ige maasv\u00f5itlusele. Pear\u00f5hk on v\u00f5itluses domineeriva ehk eelisasendi saavutamisel, mis v\u00f5imaldaks vastast efektiivselt kontrollida ning vastase alistamisel liigeselukkude (k\u00e4e-, \u00f5la-, jala- jm) v\u00f5i k\u00e4gistustega. Meie BJJ treeningud k\u00e4ivad koost\u00f6\u00f6s\u00a0Brazilian\u00a0Top Team Estonia\u2019ga\u00a0(BTT).\u00a0 BTT on [&hellip;]<\/p>\n","protected":false},"author":1,"featured_media":0,"parent":0,"menu_order":0,"comment_status":"closed","ping_status":"closed","template":"","meta":{"_acf_changed":false,"_breakdance_hide_in_design_set":false,"_breakdance_tags":"","footnotes":""},"class_list":["post-3851","page","type-page","status-publish","hentry"],"acf":[],"_links":{"self":[{"href":"https:\/\/taipoks.ee\/en\/wp-json\/wp\/v2\/pages\/3851","targetHints":{"allow":["GET"]}}],"collection":[{"href":"https:\/\/taipoks.ee\/en\/wp-json\/wp\/v2\/pages"}],"about":[{"href":"https:\/\/taipoks.ee\/en\/wp-json\/wp\/v2\/types\/page"}],"author":[{"embeddable":true,"href":"https:\/\/taipoks.ee\/en\/wp-json\/wp\/v2\/users\/1"}],"replies":[{"embeddable":true,"href":"https:\/\/taipoks.ee\/en\/wp-json\/wp\/v2\/comments?post=3851"}],"version-history":[{"count":49,"href":"https:\/\/taipoks.ee\/en\/wp-json\/wp\/v2\/pages\/3851\/revisions"}],"predecessor-version":[{"id":7069,"href":"https:\/\/taipoks.ee\/en\/wp-json\/wp\/v2\/pages\/3851\/revisions\/7069"}],"wp:attachment":[{"href":"https:\/\/taipoks.ee\/en\/wp-json\/wp\/v2\/media?parent=3851"}],"curies":[{"name":"wp","href":"https:\/\/api.w.org\/{rel}","templated":true}]}}