{"id":525,"date":"2023-11-12T11:29:00","date_gmt":"2023-11-12T11:29:00","guid":{"rendered":"https:\/\/taipoks.ee\/?page_id=525"},"modified":"2026-04-06T08:19:43","modified_gmt":"2026-04-06T05:19:43","slug":"home-6","status":"publish","type":"page","link":"https:\/\/taipoks.ee\/en\/","title":{"rendered":"Home 6"},"content":{"rendered":"<section class=\"bde-section-525-101 bde-section\">\n              \n  \n  \n\t    \n      <div class=\"section-background-video\">\n              <video\n          autoplay\n muted\n playsinline\n loop\n poster=\"https:\/\/taipoks.ee\/wp-content\/uploads\/2024\/08\/taipokspais1.jpg\"\n                >\n        <source src=\"https:\/\/taipoks.ee\/wp-content\/uploads\/2024\/06\/taipoks-uus4.mp4\" type=\"video\/mp4\" \/>\n      <\/video>\n      <\/div>\n\n\n\n\n<div class=\"section-container\"><div class=\"bde-columns-525-102 bde-columns\"><div class=\"bde-column-525-103 bde-column\">\n  \n  \n\t\n\n\n\n<div class=\"bde-div-525-108 bde-div\">\n  \n  \n\t\n\n\n\n<div class=\"bde-image-525-107 bde-image\">\n<figure class=\"breakdance-image breakdance-image--5844\">\n\t<div class=\"breakdance-image-container\">\n\t\t<div class=\"breakdance-image-clip\"><img loading=\"lazy\" decoding=\"async\" class=\"breakdance-image-object\" src=\"https:\/\/taipoks.ee\/wp-content\/uploads\/2024\/06\/KevinRenno-logo2.png\" width=\"500\" height=\"638\" srcset=\"https:\/\/taipoks.ee\/wp-content\/uploads\/2024\/06\/KevinRenno-logo2.png 500w, https:\/\/taipoks.ee\/wp-content\/uploads\/2024\/06\/KevinRenno-logo2-235x300.png 235w\" sizes=\"auto, (max-width: 500px) 100vw, 500px\"><\/div>\n\t<\/div><\/figure>\n\n<\/div>\n<\/div>\n<\/div><\/div><div class=\"bde-div-525-111 bde-div\">\n  \n  \n\t\n\n\n\n<div class=\"bde-button-525-112 bde-button\">\n    \n                        \n                        \n    \n    \n    \n    \n            \n                    \n            \n            \n\n    \n    \n    \n    \n    \n    <a class=\"breakdance-link button-atom button-atom--custom bde-button__button\" href=\"https:\/\/taipoks.ee\/en\/leiatreening\/\" target=\"_self\" data-type=\"url\"  >\n\n    \n        <span class=\"button-atom__text\">FIND A TRAINING<\/span>\n\n        \n        \n                <\/a>\n\n    \n\n\n<\/div><div class=\"bde-button-525-113 bde-button\">\n    \n                        \n                        \n    \n    \n    \n    \n            \n                    \n            \n            \n\n    \n    \n    \n    \n    \n    <a class=\"breakdance-link button-atom button-atom--custom bde-button__button\" href=\"https:\/\/taipoks.ee\/en\/baaskursused\/\" target=\"_self\" data-type=\"url\"  >\n\n    \n        <span class=\"button-atom__text\">COURSES FOR BEGINNERS<\/span>\n\n        \n        \n                <\/a>\n\n    \n\n\n<\/div><div class=\"bde-button-525-115 bde-button\">\n    \n                        \n                        \n    \n    \n    \n    \n            \n                    \n            \n            \n\n    \n    \n    \n    \n    \n    <a class=\"breakdance-link button-atom button-atom--custom bde-button__button\" href=\"https:\/\/taipoks.ee\/en\/muaythaicamp\/\" target=\"_self\" data-type=\"url\"  >\n\n    \n        <span class=\"button-atom__text\">MUAY THAI CAMP 2026<\/span>\n\n        \n        \n                <\/a>\n\n    \n\n\n<\/div>\n<\/div><div class=\"bde-text-525-117 bde-text\">\nAll three of our locations will be closed for group training on 03.04 (Good Friday) and 05.04 (Easter Sunday). Happy holidays!\n<\/div><\/div>\n<\/section>","protected":false},"excerpt":{"rendered":"<p>LEIA TREENING KURSUSED ALGAJATELE MUAY THAI CAMP 2026 03.04 (Suur reede) ja 05.04 (\u00dclest\u00f5usmisp\u00fchade 1. p\u00fcha) on k\u00f5ik meie kolm asukohta grupitreeninguteks suletud. H\u00e4id p\u00fchi!<\/p>","protected":false},"author":1,"featured_media":0,"parent":0,"menu_order":0,"comment_status":"closed","ping_status":"closed","template":"","meta":{"_acf_changed":false,"_breakdance_hide_in_design_set":false,"_breakdance_tags":"","footnotes":""},"class_list":["post-525","page","type-page","status-publish","hentry"],"acf":[],"_links":{"self":[{"href":"https:\/\/taipoks.ee\/en\/wp-json\/wp\/v2\/pages\/525","targetHints":{"allow":["GET"]}}],"collection":[{"href":"https:\/\/taipoks.ee\/en\/wp-json\/wp\/v2\/pages"}],"about":[{"href":"https:\/\/taipoks.ee\/en\/wp-json\/wp\/v2\/types\/page"}],"author":[{"embeddable":true,"href":"https:\/\/taipoks.ee\/en\/wp-json\/wp\/v2\/users\/1"}],"replies":[{"embeddable":true,"href":"https:\/\/taipoks.ee\/en\/wp-json\/wp\/v2\/comments?post=525"}],"version-history":[{"count":75,"href":"https:\/\/taipoks.ee\/en\/wp-json\/wp\/v2\/pages\/525\/revisions"}],"predecessor-version":[{"id":10674,"href":"https:\/\/taipoks.ee\/en\/wp-json\/wp\/v2\/pages\/525\/revisions\/10674"}],"wp:attachment":[{"href":"https:\/\/taipoks.ee\/en\/wp-json\/wp\/v2\/media?parent=525"}],"curies":[{"name":"wp","href":"https:\/\/api.w.org\/{rel}","templated":true}]}}