{"id":7575,"date":"2024-12-16T21:00:37","date_gmt":"2024-12-16T19:00:37","guid":{"rendered":"https:\/\/taipoks.ee\/?page_id=7575"},"modified":"2025-08-31T09:26:40","modified_gmt":"2025-08-31T06:26:40","slug":"k1","status":"publish","type":"page","link":"https:\/\/taipoks.ee\/en\/k1\/","title":{"rendered":"K1"},"content":{"rendered":"<section class=\"bde-section-7575-100 bde-section\">\n              \n  \n  \n\t\n\n  <div class=\"section-background-overlay\"><\/div>\n\n\n<div class=\"section-container\"><div class=\"bde-columns-7575-101 bde-columns\"><div class=\"bde-column-7575-102 bde-column\">\n  \n  \n\t\n\n\n\n<h1 class=\"bde-heading-7575-103 bde-heading\">\nK-1 (Kickboxing)\n<\/h1>\n<\/div><\/div><\/div>\n<\/section><section class=\"bde-section-7575-104 bde-section\">\n  \n  \n\t\n\n\n\n<div class=\"section-container\"><div class=\"bde-columns-7575-105 bde-columns\"><div class=\"bde-column-7575-106 bde-column\">\n  \n  \n\t\n\n\n\n<div class=\"bde-icon-7575-107 bde-icon\">\n\n    \n            <div class=\"bde-icon-icon breakdance-icon-atom\" >\n    \n                    <svg xmlns=\"http:\/\/www.w3.org\/2000\/svg\" viewbox=\"0 0 640 512\"><!-- Font Awesome Free 5.15.1 by @fontawesome - https:\/\/fontawesome.com License - https:\/\/fontawesome.com\/license\/free (Icons: CC BY 4.0, Fonts: SIL OFL 1.1, Code: MIT License) --><path d=\"M104 96H56c-13.3 0-24 10.7-24 24v104H8c-4.4 0-8 3.6-8 8v48c0 4.4 3.6 8 8 8h24v104c0 13.3 10.7 24 24 24h48c13.3 0 24-10.7 24-24V120c0-13.3-10.7-24-24-24zm528 128h-24V120c0-13.3-10.7-24-24-24h-48c-13.3 0-24 10.7-24 24v272c0 13.3 10.7 24 24 24h48c13.3 0 24-10.7 24-24V288h24c4.4 0 8-3.6 8-8v-48c0-4.4-3.6-8-8-8zM456 32h-48c-13.3 0-24 10.7-24 24v168H256V56c0-13.3-10.7-24-24-24h-48c-13.3 0-24 10.7-24 24v400c0 13.3 10.7 24 24 24h48c13.3 0 24-10.7 24-24V288h128v168c0 13.3 10.7 24 24 24h48c13.3 0 24-10.7 24-24V56c0-13.3-10.7-24-24-24z\"\/><\/svg>\n        \n        \n        \n            <\/div>\n    \n\n\n<\/div><h4 class=\"bde-heading-7575-108 bde-heading\">\ngood physical shape\n<\/h4>\n<\/div><div class=\"bde-column-7575-109 bde-column\">\n  \n  \n\t\n\n\n\n<div class=\"bde-icon-7575-110 bde-icon\">\n\n    \n            <div class=\"bde-icon-icon breakdance-icon-atom\" >\n    \n                    <svg xmlns=\"http:\/\/www.w3.org\/2000\/svg\" viewbox=\"0 0 416 512\"><!-- Font Awesome Free 5.15.1 by @fontawesome - https:\/\/fontawesome.com License - https:\/\/fontawesome.com\/license\/free (Icons: CC BY 4.0, Fonts: SIL OFL 1.1, Code: MIT License) --><path d=\"M272 96c26.51 0 48-21.49 48-48S298.51 0 272 0s-48 21.49-48 48 21.49 48 48 48zM113.69 317.47l-14.8 34.52H32c-17.67 0-32 14.33-32 32s14.33 32 32 32h77.45c19.25 0 36.58-11.44 44.11-29.09l8.79-20.52-10.67-6.3c-17.32-10.23-30.06-25.37-37.99-42.61zM384 223.99h-44.03l-26.06-53.25c-12.5-25.55-35.45-44.23-61.78-50.94l-71.08-21.14c-28.3-6.8-57.77-.55-80.84 17.14l-39.67 30.41c-14.03 10.75-16.69 30.83-5.92 44.86s30.84 16.66 44.86 5.92l39.69-30.41c7.67-5.89 17.44-8 25.27-6.14l14.7 4.37-37.46 87.39c-12.62 29.48-1.31 64.01 26.3 80.31l84.98 50.17-27.47 87.73c-5.28 16.86 4.11 34.81 20.97 40.09 3.19 1 6.41 1.48 9.58 1.48 13.61 0 26.23-8.77 30.52-22.45l31.64-101.06c5.91-20.77-2.89-43.08-21.64-54.39l-61.24-36.14 31.31-78.28 20.27 41.43c8 16.34 24.92 26.89 43.11 26.89H384c17.67 0 32-14.33 32-32s-14.33-31.99-32-31.99z\"\/><\/svg>\n        \n        \n        \n            <\/div>\n    \n\n\n<\/div><h4 class=\"bde-heading-7575-111 bde-heading\">\nintense fat burning\n<\/h4>\n<\/div><div class=\"bde-column-7575-112 bde-column\">\n  \n  \n\t\n\n\n\n<div class=\"bde-icon-7575-113 bde-icon\">\n\n    \n            <div class=\"bde-icon-icon breakdance-icon-atom\" >\n    \n                    <svg xmlns=\"http:\/\/www.w3.org\/2000\/svg\" viewbox=\"0 0 448 512\"><!-- Font Awesome Free 5.15.1 by @fontawesome - https:\/\/fontawesome.com License - https:\/\/fontawesome.com\/license\/free (Icons: CC BY 4.0, Fonts: SIL OFL 1.1, Code: MIT License) --><path d=\"M325.4 289.2L224 390.6 122.6 289.2C54 295.3 0 352.2 0 422.4V464c0 26.5 21.5 48 48 48h352c26.5 0 48-21.5 48-48v-41.6c0-70.2-54-127.1-122.6-133.2zM32 192c27.3 0 51.8-11.5 69.2-29.7 15.1 53.9 64 93.7 122.8 93.7 70.7 0 128-57.3 128-128S294.7 0 224 0c-50.4 0-93.6 29.4-114.5 71.8C92.1 47.8 64 32 32 32c0 33.4 17.1 62.8 43.1 80-26 17.2-43.1 46.6-43.1 80zm144-96h96c17.7 0 32 14.3 32 32H144c0-17.7 14.3-32 32-32z\"\/><\/svg>\n        \n        \n        \n            <\/div>\n    \n\n\n<\/div><h4 class=\"bde-heading-7575-114 bde-heading\">\nincreases self-confidence\n<\/h4>\n<\/div><div class=\"bde-column-7575-115 bde-column\">\n  \n  \n\t\n\n\n\n<div class=\"bde-icon-7575-116 bde-icon\">\n\n    \n            <div class=\"bde-icon-icon breakdance-icon-atom\" >\n    \n                    <svg xmlns=\"http:\/\/www.w3.org\/2000\/svg\" viewbox=\"0 0 640 512\"><!-- Font Awesome Free 5.15.1 by @fontawesome - https:\/\/fontawesome.com License - https:\/\/fontawesome.com\/license\/free (Icons: CC BY 4.0, Fonts: SIL OFL 1.1, Code: MIT License) --><path d=\"M96 224c35.3 0 64-28.7 64-64s-28.7-64-64-64-64 28.7-64 64 28.7 64 64 64zm448 0c35.3 0 64-28.7 64-64s-28.7-64-64-64-64 28.7-64 64 28.7 64 64 64zm32 32h-64c-17.6 0-33.5 7.1-45.1 18.6 40.3 22.1 68.9 62 75.1 109.4h66c17.7 0 32-14.3 32-32v-32c0-35.3-28.7-64-64-64zm-256 0c61.9 0 112-50.1 112-112S381.9 32 320 32 208 82.1 208 144s50.1 112 112 112zm76.8 32h-8.3c-20.8 10-43.9 16-68.5 16s-47.6-6-68.5-16h-8.3C179.6 288 128 339.6 128 403.2V432c0 26.5 21.5 48 48 48h288c26.5 0 48-21.5 48-48v-28.8c0-63.6-51.6-115.2-115.2-115.2zm-223.7-13.4C161.5 263.1 145.6 256 128 256H64c-35.3 0-64 28.7-64 64v32c0 17.7 14.3 32 32 32h65.9c6.3-47.4 34.9-87.3 75.2-109.4z\"\/><\/svg>\n        \n        \n        \n            <\/div>\n    \n\n\n<\/div><h4 class=\"bde-heading-7575-117 bde-heading\">\nsuitable for everyone\n<\/h4>\n<\/div><\/div><\/div>\n<\/section><section class=\"bde-section-7575-118 bde-section\">\n  \n  \n\t\n\n\n\n<div class=\"section-container\"><div class=\"bde-columns-7575-119 bde-columns\"><div class=\"bde-column-7575-120 bde-column\">\n  \n  \n\t\n\n\n\n<div class=\"bde-image-7575-121 bde-image\">\n<figure class=\"breakdance-image breakdance-image--7577\">\n\t<div class=\"breakdance-image-container\">\n\t\t<div class=\"breakdance-image-clip\"><img loading=\"lazy\" decoding=\"async\" class=\"breakdance-image-object\" src=\"https:\/\/taipoks.ee\/wp-content\/uploads\/2024\/12\/k1back12.webp\" width=\"1200\" height=\"795\" srcset=\"https:\/\/taipoks.ee\/wp-content\/uploads\/2024\/12\/k1back12.webp 1200w, https:\/\/taipoks.ee\/wp-content\/uploads\/2024\/12\/k1back12-300x199.webp 300w, https:\/\/taipoks.ee\/wp-content\/uploads\/2024\/12\/k1back12-1024x678.webp 1024w, https:\/\/taipoks.ee\/wp-content\/uploads\/2024\/12\/k1back12-768x509.webp 768w, https:\/\/taipoks.ee\/wp-content\/uploads\/2024\/12\/k1back12-18x12.webp 18w, https:\/\/taipoks.ee\/wp-content\/uploads\/2024\/12\/k1back12-600x398.webp 600w\" sizes=\"auto, (max-width: 1200px) 100vw, 1200px\"><\/div>\n\t<\/div><\/figure>\n\n<\/div><div class=\"bde-fancy-divider-7575-122 bde-fancy-divider\">\n\n\n<div class=\"bde-fancy-divider__wrapper\">\n  <div class=\"bde-fancy-divider__separator has-content has-content-flex-start\">\n  \t    \t    \t    \t\t\t    \t\t<div class=\"bde-fancy-divider__content bde-fancy-divider__content--icon\"><svg xmlns=\"http:\/\/www.w3.org\/2000\/svg\" viewbox=\"0 0 512 512\"><!-- Font Awesome Free 5.15.1 by @fontawesome - https:\/\/fontawesome.com License - https:\/\/fontawesome.com\/license\/free (Icons: CC BY 4.0, Fonts: SIL OFL 1.1, Code: MIT License) --><path d=\"M256 8C119.033 8 8 119.033 8 256s111.033 248 248 248 248-111.033 248-248S392.967 8 256 8zm80 248c0 44.112-35.888 80-80 80s-80-35.888-80-80 35.888-80 80-80 80 35.888 80 80z\"\/><\/svg><\/div>\n    \t                  <\/div>\n<\/div>\n\n<\/div><div class=\"bde-rich-text-7575-123 bde-rich-text breakdance-rich-text-styles\">\n<p><span style=\"font-weight: 400;\">K-1 is a style of kickboxing that developed in Japan as part of the K-1 series of competitive events. K-1 combines the rules of Muay Thai and earlier kickboxing, where strikes are possible with hands, feet, and knees. Since there is no standing grappling or clinch, it is a faster and more intense style that involves continuous work through combination strikes.<\/span><\/p>\n<p><span style=\"font-weight: 400;\">The combination of all these components helps K-1 kickboxing style practitioners achieve strong physical fitness, endurance, and good stand-up fighting skills.<\/span><span style=\"font-weight: 400;\"><br \/><\/span><span style=\"font-weight: 400;\">K-1 style kickboxing is inherently practical and easy to learn.<\/span><\/p>\n<\/div><div class=\"bde-fancy-divider-7575-124 bde-fancy-divider\">\n\n\n<div class=\"bde-fancy-divider__wrapper\">\n  <div class=\"bde-fancy-divider__separator has-content has-content-flex-start\">\n  \t    \t    \t    \t\t\t    \t\t<div class=\"bde-fancy-divider__content bde-fancy-divider__content--icon\"><svg xmlns=\"http:\/\/www.w3.org\/2000\/svg\" viewbox=\"0 0 512 512\"><!-- Font Awesome Free 5.15.1 by @fontawesome - https:\/\/fontawesome.com License - https:\/\/fontawesome.com\/license\/free (Icons: CC BY 4.0, Fonts: SIL OFL 1.1, Code: MIT License) --><path d=\"M256 8C119.033 8 8 119.033 8 256s111.033 248 248 248 248-111.033 248-248S392.967 8 256 8zm80 248c0 44.112-35.888 80-80 80s-80-35.888-80-80 35.888-80 80-80 80 35.888 80 80z\"\/><\/svg><\/div>\n    \t                  <\/div>\n<\/div>\n\n<\/div><div class=\"bde-rich-text-7575-125 bde-rich-text breakdance-rich-text-styles\">\n<p><strong>Additional values:<\/strong><br \/>+ self-defense skills<br \/>+ fat burning<br \/>+ increasing muscle tone<br \/>+ versatile training<br \/>+ good durability<\/p>\n<\/div><h3 class=\"bde-heading-7575-126 bde-heading\">\nWho and where can practice K-1 STYLE?\n<\/h3><div class=\"bde-rich-text-7575-127 bde-rich-text breakdance-rich-text-styles\">\n<p>\u2022 <span style=\"font-weight: 400;\">Suitable for both sexes from 15 years old. Previous physical fitness is not important.<\/span><br \/>\u2022 <span style=\"font-weight: 400;\">Training is currently underway. <\/span><a href=\"https:\/\/taipoks.ee\/en\/kristiineasukoht\/\"><b>CHRISTINE<\/b><\/a><br \/>\u2022 <span style=\"font-weight: 400;\">We are accepting experienced applicants on an ongoing basis with an intermediate level. <a href=\"https:\/\/taipoks.ee\/en\/grupid\/k-1-taipoks-pohigrupp-15a\/\">K-1 \/ Thai Boxing MAIN GROUP (15y.+)<\/a><\/span><br \/><br \/><\/p>\n<\/div>\n<\/div><div class=\"bde-column-7575-128 bde-column\">\n  \n  \n\t\n\n\n\n<div class=\"bde-div-7575-129 bde-div\">\n  \n  \n\t\n\n\n\n<div class=\"bde-video-7575-130 bde-video\">\n<div class=\"ee-video-container\">\n            <video class=\"ee-video\" src=\"https:\/\/taipoks.ee\/wp-content\/uploads\/2024\/12\/UUS_K1_klipp_helita.mov\"\n               autoplay='true'                controls='true'                                loop='true'                muted='true'                controlslist=\"nodownload\"                playsinline\n>\n        <\/video>\n    \n    <\/div>\n\n<\/div>\n<\/div><div class=\"bde-div-7575-131 bde-div\">\n  \n  \n\t\n\n\n\n<h3 class=\"bde-heading-7575-132 bde-heading\">\nLocations\n<\/h3><div class=\"bde-fancy-divider-7575-133 bde-fancy-divider\">\n\n\n<div class=\"bde-fancy-divider__wrapper\">\n  <div class=\"bde-fancy-divider__separator has-content has-content-flex-start\">\n  \t    \t    \t    \t\t\t    \t\t<div class=\"bde-fancy-divider__content bde-fancy-divider__content--icon\"><svg xmlns=\"http:\/\/www.w3.org\/2000\/svg\" viewbox=\"0 0 512 512\"><!-- Font Awesome Free 5.15.1 by @fontawesome - https:\/\/fontawesome.com License - https:\/\/fontawesome.com\/license\/free (Icons: CC BY 4.0, Fonts: SIL OFL 1.1, Code: MIT License) --><path d=\"M256 8C119.033 8 8 119.033 8 256s111.033 248 248 248 248-111.033 248-248S392.967 8 256 8zm80 248c0 44.112-35.888 80-80 80s-80-35.888-80-80 35.888-80 80-80 80 35.888 80 80z\"\/><\/svg><\/div>\n    \t                  <\/div>\n<\/div>\n\n<\/div><div class=\"bde-button-7575-134 bde-button\">\n    \n                        \n                        \n    \n    \n    \n    \n            \n                    \n            \n            \n\n    \n    \n    \n    \n    \n    <a class=\"breakdance-link button-atom button-atom--custom bde-button__button\" href=\"https:\/\/taipoks.ee\/en\/kristiineasukoht\/\" target=\"_self\" data-type=\"url\"  >\n\n    \n        <span class=\"button-atom__text\">KRISTIINE<\/span>\n\n        \n        \n                <\/a>\n\n    \n\n\n<\/div>\n<\/div>\n<\/div><\/div><\/div>\n<\/section>","protected":false},"excerpt":{"rendered":"<p>K-1 (Kikkpoks) hea f\u00fc\u00fcsiline vorm intensiivne rasvap\u00f5letus t\u00f5stab enesekindlust sobib k\u00f5igile K-1 on kikkpoksi stiil mis kasvas v\u00e4lja Jaapanis K-1 nimelise v\u00f5istlus\u00fcrituste sarja raames. K-1es kohtuvad taipoksi ja varasema aja kikkposi reeglid, kus v\u00f5imalikud on l\u00f6\u00f6gid nii k\u00e4te, jalgade, kui ka p\u00f5lvedega. Kuna puudub p\u00fcstimaadlus ehk klint\u0161 siis on tegemist kiirema ja intensiivsema stiiliga, mis [&hellip;]<\/p>\n","protected":false},"author":1,"featured_media":0,"parent":0,"menu_order":0,"comment_status":"closed","ping_status":"closed","template":"","meta":{"_acf_changed":false,"_breakdance_hide_in_design_set":false,"_breakdance_tags":"","footnotes":""},"class_list":["post-7575","page","type-page","status-publish","hentry"],"acf":[],"_links":{"self":[{"href":"https:\/\/taipoks.ee\/en\/wp-json\/wp\/v2\/pages\/7575","targetHints":{"allow":["GET"]}}],"collection":[{"href":"https:\/\/taipoks.ee\/en\/wp-json\/wp\/v2\/pages"}],"about":[{"href":"https:\/\/taipoks.ee\/en\/wp-json\/wp\/v2\/types\/page"}],"author":[{"embeddable":true,"href":"https:\/\/taipoks.ee\/en\/wp-json\/wp\/v2\/users\/1"}],"replies":[{"embeddable":true,"href":"https:\/\/taipoks.ee\/en\/wp-json\/wp\/v2\/comments?post=7575"}],"version-history":[{"count":12,"href":"https:\/\/taipoks.ee\/en\/wp-json\/wp\/v2\/pages\/7575\/revisions"}],"predecessor-version":[{"id":9294,"href":"https:\/\/taipoks.ee\/en\/wp-json\/wp\/v2\/pages\/7575\/revisions\/9294"}],"wp:attachment":[{"href":"https:\/\/taipoks.ee\/en\/wp-json\/wp\/v2\/media?parent=7575"}],"curies":[{"name":"wp","href":"https:\/\/api.w.org\/{rel}","templated":true}]}}